{"id":1886,"date":"2013-09-18T08:48:26","date_gmt":"2013-09-18T08:48:26","guid":{"rendered":"http:\/\/linux-hosting3.rcs-rds.ro\/~umpro3nr\/?page_id=1886"},"modified":"2021-06-22T10:11:47","modified_gmt":"2021-06-22T07:11:47","slug":"forja","status":"publish","type":"page","link":"https:\/\/ump.ro\/index.php\/produse-civile\/forja\/","title":{"rendered":"Forja"},"content":{"rendered":"<p><b>Procedee tehnologice posibile, corespunzatoare capacitatii de productie :<\/b><\/p>\n<p>&#8211; piese forjate \u00een matri\u0163\u0103<\/p>\n<p>&#8211; piese extrudate<\/p>\n<p>&#8211; piese laminate transversal<\/p>\n<p>&#8211; piese forjate liber<\/p>\n<p><b>Utilaje tehnologice:<\/b><\/p>\n<p>&#8211; prese hidraulice 1800 \u2013 5000 KN \u2013 7 buc.<\/p>\n<p>&#8211; prese cu fric\u0163iune 630\u00a0 &#8211; 10000 KN \u2013 8 buc.;<\/p>\n<p>&#8211; ma\u015fini de forjat orizontal\u00a0 1500 \u2013 4000 KN \u2013 2 buc.;<\/p>\n<p>&#8211; ma\u015fin\u0103 de forjat radial\u0103 600 KN;<\/p>\n<p>&#8211; laminor transversal \u00d8 700 mm (\u00d8 max. bar\u0103 40 mm);<\/p>\n<p>&#8211; instala\u0163ii de sablat interior \u015fi exterior;<\/p>\n<p>&#8211; cuptoare de \u00eenc\u0103lzire cu vatr\u0103 fix\u0103 \u015fi flac\u0103r\u0103 cu suprafa\u0163a ,63 \u00f7 1,6 m<sup>2<\/sup>;<\/p>\n<p>&#8211; \u00a0cuptor de \u00eenc\u0103lzire cu flac\u0103r\u0103 \u015fi vatr\u0103 mobil\u0103 de 1000 Kg;<\/p>\n<p>&#8211; cuptor de \u00eenc\u0103lzire carusel, cu flac\u0103r\u0103 de 4 tone;<\/p>\n<p>&#8211; cuptoare de \u00eenc\u0103lzire electric\u0103 cu capacitatea de 1 m<sup>2<\/sup>;<\/p>\n<p>&#8211; instala\u0163ie de \u00eenc\u0103lzire CIF cu 4 posturi.<\/p>\n<p><b>Dimensiuni piese:<\/b><\/p>\n<p><strong>&#8211; matri\u0163are<\/strong>:<\/p>\n<p>&#8211;\u00a0max. 25 kg;<\/p>\n<p>&#8211; \u00d8 250 x 400 mm sau 400 x 150 x 100 mm.<\/p>\n<p>&#8211;\u00a0<b>extrudare:<\/b><\/p>\n<p>&#8211; max. 80 kg;<\/p>\n<p>&#8211; \u00d8 190 x 850 mm<\/p>\n<p><b>&#8211; laminare transversal\u0103:<\/b><\/p>\n<p>&#8211; max. 5 kg;<\/p>\n<p>&#8211; \u00d8 40 x 300 mm<\/p>\n<p><b>&#8211; forjare liber\u0103:<\/b><\/p>\n<p>&#8211; max. 100 kg;<\/p>\n<p>&#8211; \u00d8 500 x 400 mm.<\/p>\n<p>Precizia dimensionala a pieselor forjate curent este realizata conform STAS 7670-83, clasa mijlocie, la cerere se pot realiza si piese cu dimensiuni \u00een alte clase de precizie.<\/p>\n","protected":false},"excerpt":{"rendered":"<p>Procedee tehnologice posibile, corespunzatoare capacitatii de productie : &#8211; piese forjate \u00een matri\u0163\u0103 &#8211; piese extrudate &#8211; piese laminate transversal &#8211; piese forjate liber Utilaje tehnologice: &#8211; prese hidraulice 1800 \u2013 5000 KN \u2013 7 buc. &#8211; prese cu fric\u0163iune 630\u00a0 &#8211; 10000 KN \u2013 8 buc.; &#8211; ma\u015fini de forjat orizontal\u00a0 1500 \u2013 4000 [&hellip;]<\/p>\n","protected":false},"author":1,"featured_media":0,"parent":1878,"menu_order":0,"comment_status":"open","ping_status":"closed","template":"","meta":{"ocean_post_layout":"","ocean_both_sidebars_style":"","ocean_both_sidebars_content_width":0,"ocean_both_sidebars_sidebars_width":0,"ocean_sidebar":"","ocean_second_sidebar":"","ocean_disable_margins":"enable","ocean_add_body_class":"","ocean_shortcode_before_top_bar":"","ocean_shortcode_after_top_bar":"","ocean_shortcode_before_header":"","ocean_shortcode_after_header":"","ocean_has_shortcode":"","ocean_shortcode_after_title":"","ocean_shortcode_before_footer_widgets":"","ocean_shortcode_after_footer_widgets":"","ocean_shortcode_before_footer_bottom":"","ocean_shortcode_after_footer_bottom":"","ocean_display_top_bar":"default","ocean_display_header":"default","ocean_header_style":"","ocean_center_header_left_menu":"","ocean_custom_header_template":"","ocean_custom_logo":0,"ocean_custom_retina_logo":0,"ocean_custom_logo_max_width":0,"ocean_custom_logo_tablet_max_width":0,"ocean_custom_logo_mobile_max_width":0,"ocean_custom_logo_max_height":0,"ocean_custom_logo_tablet_max_height":0,"ocean_custom_logo_mobile_max_height":0,"ocean_header_custom_menu":"","ocean_menu_typo_font_family":"","ocean_menu_typo_font_subset":"","ocean_menu_typo_font_size":0,"ocean_menu_typo_font_size_tablet":0,"ocean_menu_typo_font_size_mobile":0,"ocean_menu_typo_font_size_unit":"px","ocean_menu_typo_font_weight":"","ocean_menu_typo_font_weight_tablet":"","ocean_menu_typo_font_weight_mobile":"","ocean_menu_typo_transform":"","ocean_menu_typo_transform_tablet":"","ocean_menu_typo_transform_mobile":"","ocean_menu_typo_line_height":0,"ocean_menu_typo_line_height_tablet":0,"ocean_menu_typo_line_height_mobile":0,"ocean_menu_typo_line_height_unit":"","ocean_menu_typo_spacing":0,"ocean_menu_typo_spacing_tablet":0,"ocean_menu_typo_spacing_mobile":0,"ocean_menu_typo_spacing_unit":"","ocean_menu_link_color":"","ocean_menu_link_color_hover":"","ocean_menu_link_color_active":"","ocean_menu_link_background":"","ocean_menu_link_hover_background":"","ocean_menu_link_active_background":"","ocean_menu_social_links_bg":"","ocean_menu_social_hover_links_bg":"","ocean_menu_social_links_color":"","ocean_menu_social_hover_links_color":"","ocean_disable_title":"default","ocean_disable_heading":"default","ocean_post_title":"","ocean_post_subheading":"","ocean_post_title_style":"","ocean_post_title_background_color":"","ocean_post_title_background":0,"ocean_post_title_bg_image_position":"","ocean_post_title_bg_image_attachment":"","ocean_post_title_bg_image_repeat":"","ocean_post_title_bg_image_size":"","ocean_post_title_height":0,"ocean_post_title_bg_overlay":0.5,"ocean_post_title_bg_overlay_color":"","ocean_disable_breadcrumbs":"default","ocean_breadcrumbs_color":"","ocean_breadcrumbs_separator_color":"","ocean_breadcrumbs_links_color":"","ocean_breadcrumbs_links_hover_color":"","ocean_display_footer_widgets":"default","ocean_display_footer_bottom":"default","ocean_custom_footer_template":"","ofc_meta_disable_footer_callout":"","ofc_meta_callout_button_url":"","ofc_meta_callout_button_txt":"","ofc_meta_callout_text":"","osp_disable_panel":"default","osh_disable_topbar_sticky":"default","osh_disable_header_sticky":"default","osh_sticky_header_style":"default","osh_sticky_header_effect":"","osh_custom_sticky_logo":0,"osh_custom_retina_sticky_logo":0,"osh_custom_sticky_logo_height":0,"osh_background_color":"","osh_links_color":"","osh_links_hover_color":"","osh_links_active_color":"","osh_links_bg_color":"","osh_links_hover_bg_color":"","osh_links_active_bg_color":"","osh_menu_social_links_color":"","osh_menu_social_hover_links_color":"","footnotes":""},"class_list":["post-1886","page","type-page","status-publish","hentry","entry"],"_links":{"self":[{"href":"https:\/\/ump.ro\/index.php\/wp-json\/wp\/v2\/pages\/1886","targetHints":{"allow":["GET"]}}],"collection":[{"href":"https:\/\/ump.ro\/index.php\/wp-json\/wp\/v2\/pages"}],"about":[{"href":"https:\/\/ump.ro\/index.php\/wp-json\/wp\/v2\/types\/page"}],"author":[{"embeddable":true,"href":"https:\/\/ump.ro\/index.php\/wp-json\/wp\/v2\/users\/1"}],"replies":[{"embeddable":true,"href":"https:\/\/ump.ro\/index.php\/wp-json\/wp\/v2\/comments?post=1886"}],"version-history":[{"count":0,"href":"https:\/\/ump.ro\/index.php\/wp-json\/wp\/v2\/pages\/1886\/revisions"}],"up":[{"embeddable":true,"href":"https:\/\/ump.ro\/index.php\/wp-json\/wp\/v2\/pages\/1878"}],"wp:attachment":[{"href":"https:\/\/ump.ro\/index.php\/wp-json\/wp\/v2\/media?parent=1886"}],"curies":[{"name":"wp","href":"https:\/\/api.w.org\/{rel}","templated":true}]}}