{"id":1901,"date":"2013-09-18T09:25:57","date_gmt":"2013-09-18T09:25:57","guid":{"rendered":"http:\/\/linux-hosting3.rcs-rds.ro\/~umpro3nr\/?page_id=1901"},"modified":"2013-09-18T09:25:57","modified_gmt":"2013-09-18T09:25:57","slug":"tratamente-termice","status":"publish","type":"page","link":"https:\/\/ump.ro\/index.php\/produse-civile\/tratamente-termice\/","title":{"rendered":"Tratamente termice"},"content":{"rendered":"<p><b>Tratamente termice<\/b><\/p>\n<p>&#8211; \u00a0<strong>primare:\u00a0<\/strong><\/p>\n<p>&#8211; recoaceri:<\/p>\n<p>&#8211; cuptoare electrice;<\/p>\n<p>&#8211; cuptoare cu gaze;<\/p>\n<p>&#8211; instala\u0163ii de medie frecven\u0163\u0103.<\/p>\n<p>&#8211; recoaceri \u00een vid;<\/p>\n<p>&#8211; recoacere de normalizare.<\/p>\n<p>&#8211; <strong>\u00a0secundare:<\/strong><\/p>\n<p>&#8211;\u00a0 c\u0103liri \u015fi reveniri cu sau f\u0103r\u0103 atmosfer\u0103 controlat\u0103;<\/p>\n<p>&#8211;\u00a0 c\u0103lire de punere \u00een solu\u0163ie \u015fi \u00eemb\u0103tr\u00e2niri artificiale;<\/p>\n<p>&#8211;\u00a0 nitrur\u0103ri gazoase.<\/p>\n<p><strong>\u00a0&#8211; termochimice:<\/strong><\/p>\n<p>&#8211; carburare;<\/p>\n<p>&#8211; carbonitrurare;<\/p>\n<p>&#8211; nitrurare gazoas\u0103.<\/p>\n<p>&nbsp;<\/p>\n<p><b>Echipamente tehnologice:<\/b><\/p>\n<p><b>\u00a0<\/b>&#8211; \u00a0 linii continue de c\u0103liri \u015fi reveniri SIEMENS \u015fi SAFED;<\/p>\n<p>&#8211; \u00a0cuptoare cu bazin integrat\u00a0 &#8211; 3 buc.;<\/p>\n<p>&#8211; cuptoare de c\u0103lire-revenire cu bazin separat \u00een ap\u0103 sau ulei;<\/p>\n<p>&#8211; cuptor vertical AICHELIN pentru nitrurare;<\/p>\n<p>&#8211; b\u0103i de sare;<\/p>\n<p>&#8211; cuptor electric pentru tratarea o\u0163elurilor de scule;<\/p>\n<p>&#8211; cuptor de recoacere \u00een vid;<\/p>\n<p>&#8211; instala\u0163ie multifunc\u0163ional\u0103 CODERE, flexibil\u0103, pentru recoaceri, \u00a0c\u0103liri, reveniri, tratamente termochimice.<\/p>\n<p><b>Dimensiuni de piese:<\/b><\/p>\n<p><strong>&#8211; recoaceri, c\u0103liri \u015fi reveniri:<\/strong><\/p>\n<p>&#8211; max. 1200Kg \/ \u015farj\u0103;<\/p>\n<p>&#8211; \u00d8 900 x 700 mm sau 1200 x 900 x 700 mm.<\/p>\n<p><strong>&#8211;\u00a0 carburare \u015fi carbonitrurare:<\/strong><\/p>\n<p>&#8211; max. 250Kg \/ \u015farj\u0103;<\/p>\n<p>&#8211; \u00d8 600 x 400 mm sau 800 x 600 x 400 mm.<\/p>\n<p><strong>&#8211;\u00a0 nitrurare:<\/strong><\/p>\n<p>&#8211; max. 850Kg \/ \u015farj\u0103;<\/p>\n<p>&#8211; \u00d8 800 x 1200 mm sau 450 x 450 x 1200 mm<\/p>\n","protected":false},"excerpt":{"rendered":"<p>Tratamente termice &#8211; \u00a0primare:\u00a0 &#8211; recoaceri: &#8211; cuptoare electrice; &#8211; cuptoare cu gaze; &#8211; instala\u0163ii de medie frecven\u0163\u0103. &#8211; recoaceri \u00een vid; &#8211; recoacere de normalizare. &#8211; \u00a0secundare: &#8211;\u00a0 c\u0103liri \u015fi reveniri cu sau f\u0103r\u0103 atmosfer\u0103 controlat\u0103; &#8211;\u00a0 c\u0103lire de punere \u00een solu\u0163ie \u015fi \u00eemb\u0103tr\u00e2niri artificiale; &#8211;\u00a0 nitrur\u0103ri gazoase. \u00a0&#8211; termochimice: &#8211; carburare; &#8211; carbonitrurare; [&hellip;]<\/p>\n","protected":false},"author":1,"featured_media":0,"parent":1878,"menu_order":0,"comment_status":"open","ping_status":"closed","template":"","meta":{"ocean_post_layout":"","ocean_both_sidebars_style":"","ocean_both_sidebars_content_width":0,"ocean_both_sidebars_sidebars_width":0,"ocean_sidebar":"","ocean_second_sidebar":"","ocean_disable_margins":"enable","ocean_add_body_class":"","ocean_shortcode_before_top_bar":"","ocean_shortcode_after_top_bar":"","ocean_shortcode_before_header":"","ocean_shortcode_after_header":"","ocean_has_shortcode":"","ocean_shortcode_after_title":"","ocean_shortcode_before_footer_widgets":"","ocean_shortcode_after_footer_widgets":"","ocean_shortcode_before_footer_bottom":"","ocean_shortcode_after_footer_bottom":"","ocean_display_top_bar":"default","ocean_display_header":"default","ocean_header_style":"","ocean_center_header_left_menu":"","ocean_custom_header_template":"","ocean_custom_logo":0,"ocean_custom_retina_logo":0,"ocean_custom_logo_max_width":0,"ocean_custom_logo_tablet_max_width":0,"ocean_custom_logo_mobile_max_width":0,"ocean_custom_logo_max_height":0,"ocean_custom_logo_tablet_max_height":0,"ocean_custom_logo_mobile_max_height":0,"ocean_header_custom_menu":"","ocean_menu_typo_font_family":"","ocean_menu_typo_font_subset":"","ocean_menu_typo_font_size":0,"ocean_menu_typo_font_size_tablet":0,"ocean_menu_typo_font_size_mobile":0,"ocean_menu_typo_font_size_unit":"px","ocean_menu_typo_font_weight":"","ocean_menu_typo_font_weight_tablet":"","ocean_menu_typo_font_weight_mobile":"","ocean_menu_typo_transform":"","ocean_menu_typo_transform_tablet":"","ocean_menu_typo_transform_mobile":"","ocean_menu_typo_line_height":0,"ocean_menu_typo_line_height_tablet":0,"ocean_menu_typo_line_height_mobile":0,"ocean_menu_typo_line_height_unit":"","ocean_menu_typo_spacing":0,"ocean_menu_typo_spacing_tablet":0,"ocean_menu_typo_spacing_mobile":0,"ocean_menu_typo_spacing_unit":"","ocean_menu_link_color":"","ocean_menu_link_color_hover":"","ocean_menu_link_color_active":"","ocean_menu_link_background":"","ocean_menu_link_hover_background":"","ocean_menu_link_active_background":"","ocean_menu_social_links_bg":"","ocean_menu_social_hover_links_bg":"","ocean_menu_social_links_color":"","ocean_menu_social_hover_links_color":"","ocean_disable_title":"default","ocean_disable_heading":"default","ocean_post_title":"","ocean_post_subheading":"","ocean_post_title_style":"","ocean_post_title_background_color":"","ocean_post_title_background":0,"ocean_post_title_bg_image_position":"","ocean_post_title_bg_image_attachment":"","ocean_post_title_bg_image_repeat":"","ocean_post_title_bg_image_size":"","ocean_post_title_height":0,"ocean_post_title_bg_overlay":0.5,"ocean_post_title_bg_overlay_color":"","ocean_disable_breadcrumbs":"default","ocean_breadcrumbs_color":"","ocean_breadcrumbs_separator_color":"","ocean_breadcrumbs_links_color":"","ocean_breadcrumbs_links_hover_color":"","ocean_display_footer_widgets":"default","ocean_display_footer_bottom":"default","ocean_custom_footer_template":"","ofc_meta_disable_footer_callout":"","ofc_meta_callout_button_url":"","ofc_meta_callout_button_txt":"","ofc_meta_callout_text":"","osp_disable_panel":"default","osh_disable_topbar_sticky":"default","osh_disable_header_sticky":"default","osh_sticky_header_style":"default","osh_sticky_header_effect":"","osh_custom_sticky_logo":0,"osh_custom_retina_sticky_logo":0,"osh_custom_sticky_logo_height":0,"osh_background_color":"","osh_links_color":"","osh_links_hover_color":"","osh_links_active_color":"","osh_links_bg_color":"","osh_links_hover_bg_color":"","osh_links_active_bg_color":"","osh_menu_social_links_color":"","osh_menu_social_hover_links_color":"","footnotes":""},"class_list":["post-1901","page","type-page","status-publish","hentry","entry"],"_links":{"self":[{"href":"https:\/\/ump.ro\/index.php\/wp-json\/wp\/v2\/pages\/1901","targetHints":{"allow":["GET"]}}],"collection":[{"href":"https:\/\/ump.ro\/index.php\/wp-json\/wp\/v2\/pages"}],"about":[{"href":"https:\/\/ump.ro\/index.php\/wp-json\/wp\/v2\/types\/page"}],"author":[{"embeddable":true,"href":"https:\/\/ump.ro\/index.php\/wp-json\/wp\/v2\/users\/1"}],"replies":[{"embeddable":true,"href":"https:\/\/ump.ro\/index.php\/wp-json\/wp\/v2\/comments?post=1901"}],"version-history":[{"count":0,"href":"https:\/\/ump.ro\/index.php\/wp-json\/wp\/v2\/pages\/1901\/revisions"}],"up":[{"embeddable":true,"href":"https:\/\/ump.ro\/index.php\/wp-json\/wp\/v2\/pages\/1878"}],"wp:attachment":[{"href":"https:\/\/ump.ro\/index.php\/wp-json\/wp\/v2\/media?parent=1901"}],"curies":[{"name":"wp","href":"https:\/\/api.w.org\/{rel}","templated":true}]}}