{"id":1907,"date":"2013-09-18T10:35:16","date_gmt":"2013-09-18T10:35:16","guid":{"rendered":"http:\/\/linux-hosting3.rcs-rds.ro\/~umpro3nr\/?page_id=1907"},"modified":"2013-09-18T10:35:16","modified_gmt":"2013-09-18T10:35:16","slug":"prelucrari-prin-aschiere","status":"publish","type":"page","link":"https:\/\/ump.ro\/index.php\/produse-civile\/prelucrari-prin-aschiere\/","title":{"rendered":"Prelucrari prin aschiere"},"content":{"rendered":"<p>Prelucr\u0103ri pe strunguri cu comanda numerica\u00a0<b>CNC<\/b> (strunjiri, gauriri si frezari pe axa de rotatie, excentrice si laterale)<\/p>\n<p>&#8211; \u00a0dimensiuni maxime: \u00d8 400 x 1000 mm;<\/p>\n<p>&#8211; \u00a0greutate maxima: 50Kg<\/p>\n<p>&nbsp;<\/p>\n<p>Se pot realiza piese cu o precizie de prelucrare mai mic\u0103 0,01 mm.<\/p>\n<p>&#8211; strunjiri pe utilaje clasice (strunguri normale, automate cu 6 axe, revolvere, copier);<\/p>\n<p>&#8211; dimensiuni maxime: \u00d8 300 x 1000 mm;<\/p>\n<p>&#8211; greutate maxim\u0103: 50Kg<\/p>\n<p>&nbsp;<\/p>\n<p>Frez\u0103ri pe utilaje clasice:<\/p>\n<p>&#8211; dimensiuni maxime: 500 x 500 x 500 mm;<\/p>\n<p>&#8211;\u00a0 greutate maxim\u0103: 600Kg.<\/p>\n<p>&nbsp;<\/p>\n<p>Rectificari cilindrice, conice (pe rotund):<\/p>\n<p>&#8211; dimensiuni maxime: \u00d8 350 mm;<\/p>\n<p>&#8211;\u00a0 greutate maxima: 200 Kg.<\/p>\n<p>&nbsp;<\/p>\n<p><strong>Rectificari plane:<\/strong><\/p>\n<p>&#8211; dimensiuni maxime: 2000 x 600 mm;<\/p>\n<p>&#8211;\u00a0 greutate maxima: 1000 Kg.<\/p>\n<p><strong>Rabotare:<\/strong><\/p>\n<p>&#8211; dimensiuni maxime: 400 x 1000 mm;<\/p>\n<p>&#8211;\u00a0 greutate maxim\u0103: 2000 Kg.<\/p>\n<p><strong>Gaurire adanca:<\/strong><\/p>\n<p>&#8211; dimensiuni maxime: \u00d8 30 x 400 mm;<\/p>\n<p>&nbsp;<\/p>\n<p>Prelucrare roti dintate:<\/p>\n<p>&#8211; modul maxim: 12 mm;<\/p>\n<p>&#8211;\u00a0 diametru maxim: \u00d8 500 mm.<\/p>\n<p>&nbsp;<\/p>\n<p><strong>Diverse:<\/strong><\/p>\n<p>&#8211;\u00a0 rul\u0103ri filete;<\/p>\n<p>&#8211;\u00a0 \u00eenf\u0103\u015fur\u0103ri arcuri (pentru s\u00e2rm\u0103 cu\u00a0\u00d8 max. 2,5 mm).<\/p>\n<p>&nbsp;<\/p>\n<p>Precizia de prelucrare a pieselor din aceast\u0103 categorie se \u00eencadreaz\u0103 \u00een standardele \u015fi normativele actuale; \u00een principiu se pot realiza piese cu toleran\u0163e foarte str\u00e2nse(mai mici de 0,010 mm),func\u0163ie de solicit\u0103rile beneficiarilor,cu costurile suplimentare aferente.<\/p>\n","protected":false},"excerpt":{"rendered":"<p>Prelucr\u0103ri pe strunguri cu comanda numerica\u00a0CNC (strunjiri, gauriri si frezari pe axa de rotatie, excentrice si laterale) &#8211; \u00a0dimensiuni maxime: \u00d8 400 x 1000 mm; &#8211; \u00a0greutate maxima: 50Kg &nbsp; Se pot realiza piese cu o precizie de prelucrare mai mic\u0103 0,01 mm. &#8211; strunjiri pe utilaje clasice (strunguri normale, automate cu 6 axe, revolvere, [&hellip;]<\/p>\n","protected":false},"author":1,"featured_media":0,"parent":1878,"menu_order":0,"comment_status":"open","ping_status":"closed","template":"","meta":{"ocean_post_layout":"","ocean_both_sidebars_style":"","ocean_both_sidebars_content_width":0,"ocean_both_sidebars_sidebars_width":0,"ocean_sidebar":"","ocean_second_sidebar":"","ocean_disable_margins":"enable","ocean_add_body_class":"","ocean_shortcode_before_top_bar":"","ocean_shortcode_after_top_bar":"","ocean_shortcode_before_header":"","ocean_shortcode_after_header":"","ocean_has_shortcode":"","ocean_shortcode_after_title":"","ocean_shortcode_before_footer_widgets":"","ocean_shortcode_after_footer_widgets":"","ocean_shortcode_before_footer_bottom":"","ocean_shortcode_after_footer_bottom":"","ocean_display_top_bar":"default","ocean_display_header":"default","ocean_header_style":"","ocean_center_header_left_menu":"","ocean_custom_header_template":"","ocean_custom_logo":0,"ocean_custom_retina_logo":0,"ocean_custom_logo_max_width":0,"ocean_custom_logo_tablet_max_width":0,"ocean_custom_logo_mobile_max_width":0,"ocean_custom_logo_max_height":0,"ocean_custom_logo_tablet_max_height":0,"ocean_custom_logo_mobile_max_height":0,"ocean_header_custom_menu":"","ocean_menu_typo_font_family":"","ocean_menu_typo_font_subset":"","ocean_menu_typo_font_size":0,"ocean_menu_typo_font_size_tablet":0,"ocean_menu_typo_font_size_mobile":0,"ocean_menu_typo_font_size_unit":"px","ocean_menu_typo_font_weight":"","ocean_menu_typo_font_weight_tablet":"","ocean_menu_typo_font_weight_mobile":"","ocean_menu_typo_transform":"","ocean_menu_typo_transform_tablet":"","ocean_menu_typo_transform_mobile":"","ocean_menu_typo_line_height":0,"ocean_menu_typo_line_height_tablet":0,"ocean_menu_typo_line_height_mobile":0,"ocean_menu_typo_line_height_unit":"","ocean_menu_typo_spacing":0,"ocean_menu_typo_spacing_tablet":0,"ocean_menu_typo_spacing_mobile":0,"ocean_menu_typo_spacing_unit":"","ocean_menu_link_color":"","ocean_menu_link_color_hover":"","ocean_menu_link_color_active":"","ocean_menu_link_background":"","ocean_menu_link_hover_background":"","ocean_menu_link_active_background":"","ocean_menu_social_links_bg":"","ocean_menu_social_hover_links_bg":"","ocean_menu_social_links_color":"","ocean_menu_social_hover_links_color":"","ocean_disable_title":"default","ocean_disable_heading":"default","ocean_post_title":"","ocean_post_subheading":"","ocean_post_title_style":"","ocean_post_title_background_color":"","ocean_post_title_background":0,"ocean_post_title_bg_image_position":"","ocean_post_title_bg_image_attachment":"","ocean_post_title_bg_image_repeat":"","ocean_post_title_bg_image_size":"","ocean_post_title_height":0,"ocean_post_title_bg_overlay":0.5,"ocean_post_title_bg_overlay_color":"","ocean_disable_breadcrumbs":"default","ocean_breadcrumbs_color":"","ocean_breadcrumbs_separator_color":"","ocean_breadcrumbs_links_color":"","ocean_breadcrumbs_links_hover_color":"","ocean_display_footer_widgets":"default","ocean_display_footer_bottom":"default","ocean_custom_footer_template":"","ofc_meta_disable_footer_callout":"","ofc_meta_callout_button_url":"","ofc_meta_callout_button_txt":"","ofc_meta_callout_text":"","osp_disable_panel":"default","osh_disable_topbar_sticky":"default","osh_disable_header_sticky":"default","osh_sticky_header_style":"default","osh_sticky_header_effect":"","osh_custom_sticky_logo":0,"osh_custom_retina_sticky_logo":0,"osh_custom_sticky_logo_height":0,"osh_background_color":"","osh_links_color":"","osh_links_hover_color":"","osh_links_active_color":"","osh_links_bg_color":"","osh_links_hover_bg_color":"","osh_links_active_bg_color":"","osh_menu_social_links_color":"","osh_menu_social_hover_links_color":"","footnotes":""},"class_list":["post-1907","page","type-page","status-publish","hentry","entry"],"_links":{"self":[{"href":"https:\/\/ump.ro\/index.php\/wp-json\/wp\/v2\/pages\/1907","targetHints":{"allow":["GET"]}}],"collection":[{"href":"https:\/\/ump.ro\/index.php\/wp-json\/wp\/v2\/pages"}],"about":[{"href":"https:\/\/ump.ro\/index.php\/wp-json\/wp\/v2\/types\/page"}],"author":[{"embeddable":true,"href":"https:\/\/ump.ro\/index.php\/wp-json\/wp\/v2\/users\/1"}],"replies":[{"embeddable":true,"href":"https:\/\/ump.ro\/index.php\/wp-json\/wp\/v2\/comments?post=1907"}],"version-history":[{"count":0,"href":"https:\/\/ump.ro\/index.php\/wp-json\/wp\/v2\/pages\/1907\/revisions"}],"up":[{"embeddable":true,"href":"https:\/\/ump.ro\/index.php\/wp-json\/wp\/v2\/pages\/1878"}],"wp:attachment":[{"href":"https:\/\/ump.ro\/index.php\/wp-json\/wp\/v2\/media?parent=1907"}],"curies":[{"name":"wp","href":"https:\/\/api.w.org\/{rel}","templated":true}]}}