{"id":1912,"date":"2013-09-18T10:40:34","date_gmt":"2013-09-18T10:40:34","guid":{"rendered":"http:\/\/linux-hosting3.rcs-rds.ro\/~umpro3nr\/?page_id=1912"},"modified":"2013-09-18T10:40:34","modified_gmt":"2013-09-18T10:40:34","slug":"executie-de-sculedispozitiveverificatoare","status":"publish","type":"page","link":"https:\/\/ump.ro\/index.php\/produse-civile\/executie-de-sculedispozitiveverificatoare\/","title":{"rendered":"Executie de scule,dispozitive,verificatoare"},"content":{"rendered":"<p><b><\/b><b>Executie de scule, dispozitive, verificatoare<\/b><\/p>\n<p>&#8211; scule pentru prelucr\u0103ri mecanice prin a\u015fchiere standardizate \u015fi dup\u0103 proiectul beneficiarului (cu\u0163ite pentru strunjit, freze, bare de alezat, spirale, tarozi, filiere, \u015f.a.);<\/p>\n<p>&#8211; scule pentru deform\u0103ri plastice la cald:<\/p>\n<p>&#8211; matri\u0163e;<\/p>\n<p>&#8211; poansoane;<\/p>\n<p>&#8211; inele de trefilare.<\/p>\n<p>&#8211; scule pentru deform\u0103ri plastice la rece:<\/p>\n<p>&#8211; \u015ftan\u0163e (inclusiv cu pas);<\/p>\n<p>&#8211; matri\u0163e;<\/p>\n<p>&#8211; poansoane;<\/p>\n<p>&#8211; dispozitive de \u00eendoit;<\/p>\n<p>&#8211; inele de tragere, \u015f.a.<\/p>\n<p>&#8211; matri\u0163e pentru injec\u0163ie mase plastice;<\/p>\n<p>&#8211; matri\u0163e pentru vulcanizat cauciuc(diverse profiluri);<\/p>\n<p>&#8211; bro\u015fe, \u015f.a.<\/p>\n","protected":false},"excerpt":{"rendered":"<p>Executie de scule, dispozitive, verificatoare &#8211; scule pentru prelucr\u0103ri mecanice prin a\u015fchiere standardizate \u015fi dup\u0103 proiectul beneficiarului (cu\u0163ite pentru strunjit, freze, bare de alezat, spirale, tarozi, filiere, \u015f.a.); &#8211; scule pentru deform\u0103ri plastice la cald: &#8211; matri\u0163e; &#8211; poansoane; &#8211; inele de trefilare. &#8211; scule pentru deform\u0103ri plastice la rece: &#8211; \u015ftan\u0163e (inclusiv cu pas); [&hellip;]<\/p>\n","protected":false},"author":1,"featured_media":0,"parent":1878,"menu_order":0,"comment_status":"open","ping_status":"closed","template":"","meta":{"ocean_post_layout":"","ocean_both_sidebars_style":"","ocean_both_sidebars_content_width":0,"ocean_both_sidebars_sidebars_width":0,"ocean_sidebar":"","ocean_second_sidebar":"","ocean_disable_margins":"enable","ocean_add_body_class":"","ocean_shortcode_before_top_bar":"","ocean_shortcode_after_top_bar":"","ocean_shortcode_before_header":"","ocean_shortcode_after_header":"","ocean_has_shortcode":"","ocean_shortcode_after_title":"","ocean_shortcode_before_footer_widgets":"","ocean_shortcode_after_footer_widgets":"","ocean_shortcode_before_footer_bottom":"","ocean_shortcode_after_footer_bottom":"","ocean_display_top_bar":"default","ocean_display_header":"default","ocean_header_style":"","ocean_center_header_left_menu":"","ocean_custom_header_template":"","ocean_custom_logo":0,"ocean_custom_retina_logo":0,"ocean_custom_logo_max_width":0,"ocean_custom_logo_tablet_max_width":0,"ocean_custom_logo_mobile_max_width":0,"ocean_custom_logo_max_height":0,"ocean_custom_logo_tablet_max_height":0,"ocean_custom_logo_mobile_max_height":0,"ocean_header_custom_menu":"","ocean_menu_typo_font_family":"","ocean_menu_typo_font_subset":"","ocean_menu_typo_font_size":0,"ocean_menu_typo_font_size_tablet":0,"ocean_menu_typo_font_size_mobile":0,"ocean_menu_typo_font_size_unit":"px","ocean_menu_typo_font_weight":"","ocean_menu_typo_font_weight_tablet":"","ocean_menu_typo_font_weight_mobile":"","ocean_menu_typo_transform":"","ocean_menu_typo_transform_tablet":"","ocean_menu_typo_transform_mobile":"","ocean_menu_typo_line_height":0,"ocean_menu_typo_line_height_tablet":0,"ocean_menu_typo_line_height_mobile":0,"ocean_menu_typo_line_height_unit":"","ocean_menu_typo_spacing":0,"ocean_menu_typo_spacing_tablet":0,"ocean_menu_typo_spacing_mobile":0,"ocean_menu_typo_spacing_unit":"","ocean_menu_link_color":"","ocean_menu_link_color_hover":"","ocean_menu_link_color_active":"","ocean_menu_link_background":"","ocean_menu_link_hover_background":"","ocean_menu_link_active_background":"","ocean_menu_social_links_bg":"","ocean_menu_social_hover_links_bg":"","ocean_menu_social_links_color":"","ocean_menu_social_hover_links_color":"","ocean_disable_title":"default","ocean_disable_heading":"default","ocean_post_title":"","ocean_post_subheading":"","ocean_post_title_style":"","ocean_post_title_background_color":"","ocean_post_title_background":0,"ocean_post_title_bg_image_position":"","ocean_post_title_bg_image_attachment":"","ocean_post_title_bg_image_repeat":"","ocean_post_title_bg_image_size":"","ocean_post_title_height":0,"ocean_post_title_bg_overlay":0.5,"ocean_post_title_bg_overlay_color":"","ocean_disable_breadcrumbs":"default","ocean_breadcrumbs_color":"","ocean_breadcrumbs_separator_color":"","ocean_breadcrumbs_links_color":"","ocean_breadcrumbs_links_hover_color":"","ocean_display_footer_widgets":"default","ocean_display_footer_bottom":"default","ocean_custom_footer_template":"","ofc_meta_disable_footer_callout":"","ofc_meta_callout_button_url":"","ofc_meta_callout_button_txt":"","ofc_meta_callout_text":"","osp_disable_panel":"default","osh_disable_topbar_sticky":"default","osh_disable_header_sticky":"default","osh_sticky_header_style":"default","osh_sticky_header_effect":"","osh_custom_sticky_logo":0,"osh_custom_retina_sticky_logo":0,"osh_custom_sticky_logo_height":0,"osh_background_color":"","osh_links_color":"","osh_links_hover_color":"","osh_links_active_color":"","osh_links_bg_color":"","osh_links_hover_bg_color":"","osh_links_active_bg_color":"","osh_menu_social_links_color":"","osh_menu_social_hover_links_color":"","footnotes":""},"class_list":["post-1912","page","type-page","status-publish","hentry","entry"],"_links":{"self":[{"href":"https:\/\/ump.ro\/index.php\/wp-json\/wp\/v2\/pages\/1912","targetHints":{"allow":["GET"]}}],"collection":[{"href":"https:\/\/ump.ro\/index.php\/wp-json\/wp\/v2\/pages"}],"about":[{"href":"https:\/\/ump.ro\/index.php\/wp-json\/wp\/v2\/types\/page"}],"author":[{"embeddable":true,"href":"https:\/\/ump.ro\/index.php\/wp-json\/wp\/v2\/users\/1"}],"replies":[{"embeddable":true,"href":"https:\/\/ump.ro\/index.php\/wp-json\/wp\/v2\/comments?post=1912"}],"version-history":[{"count":0,"href":"https:\/\/ump.ro\/index.php\/wp-json\/wp\/v2\/pages\/1912\/revisions"}],"up":[{"embeddable":true,"href":"https:\/\/ump.ro\/index.php\/wp-json\/wp\/v2\/pages\/1878"}],"wp:attachment":[{"href":"https:\/\/ump.ro\/index.php\/wp-json\/wp\/v2\/media?parent=1912"}],"curies":[{"name":"wp","href":"https:\/\/api.w.org\/{rel}","templated":true}]}}