{"id":2248,"date":"2016-05-13T09:54:25","date_gmt":"2016-05-13T06:54:25","guid":{"rendered":"http:\/\/www.ump.ro\/?page_id=2248"},"modified":"2026-01-30T12:17:52","modified_gmt":"2026-01-30T12:17:52","slug":"informatii-de-interes-public","status":"publish","type":"page","link":"https:\/\/ump.ro\/index.php\/informatii-de-interes-public\/","title":{"rendered":"Informatii de interes public"},"content":{"rendered":"\t\t<div data-elementor-type=\"wp-page\" data-elementor-id=\"2248\" class=\"elementor elementor-2248\">\n\t\t\t\t<div class=\"elementor-element elementor-element-2cc7fbf7 e-flex e-con-boxed e-con e-parent\" data-id=\"2cc7fbf7\" data-element_type=\"container\" data-e-type=\"container\">\n\t\t\t\t\t<div class=\"e-con-inner\">\n\t\t\t\t<div class=\"elementor-element elementor-element-3c1fec05 elementor-widget elementor-widget-text-editor\" data-id=\"3c1fec05\" data-element_type=\"widget\" data-e-type=\"widget\" data-widget_type=\"text-editor.default\">\n\t\t\t\t<div class=\"elementor-widget-container\">\n\t\t\t\t\t\t\t\t\t<p class=\"\" data-start=\"284\" data-end=\"340\">\ud83d\udcd8 <strong data-start=\"287\" data-end=\"340\">Informa\u021bii de Interes Public (Legea nr. 544\/2001)<\/strong><\/p>\n<p class=\"\" data-start=\"342\" data-end=\"659\">\u00cen conformitate cu prevederile <strong data-start=\"373\" data-end=\"451\">Legii nr. 544\/2001 privind liberul acces la informa\u021biile de interes public<\/strong>, Uzina Mecanic\u0103 Plopeni asigur\u0103 accesul liber \u0219i ne\u00eengr\u0103dit al persoanelor fizice \u0219i juridice la informa\u021biile de interes public produse sau de\u021binute de societate, \u00een limitele \u0219i condi\u021biile stabilite de lege.<\/p>\n<p class=\"\" data-start=\"661\" data-end=\"735\">\ud83e\uddfe Informa\u021biile considerate de interes public includ, f\u0103r\u0103 a se limita la:<\/p>\n<ul data-start=\"736\" data-end=\"1017\">\n<li class=\"\" data-start=\"736\" data-end=\"777\">\n<p class=\"\" data-start=\"738\" data-end=\"777\">organizarea \u0219i func\u021bionarea societ\u0103\u021bii;<\/p>\n<\/li>\n<li class=\"\" data-start=\"778\" data-end=\"829\">\n<p class=\"\" data-start=\"780\" data-end=\"829\">activit\u0103\u021bile desf\u0103\u0219urate \u0219i rezultatele ob\u021binute;<\/p>\n<\/li>\n<li class=\"\" data-start=\"830\" data-end=\"861\">\n<p class=\"\" data-start=\"832\" data-end=\"861\">bugetul \u0219i execu\u021bia bugetar\u0103;<\/p>\n<\/li>\n<li class=\"\" data-start=\"862\" data-end=\"908\">\n<p class=\"\" data-start=\"864\" data-end=\"908\">hot\u0103r\u00e2rile Adun\u0103rii Generale a Ac\u021bionarilor;<\/p>\n<\/li>\n<li class=\"\" data-start=\"909\" data-end=\"965\">\n<p class=\"\" data-start=\"911\" data-end=\"965\">informa\u021biile privind contractele de achizi\u021bii publice;<\/p>\n<\/li>\n<li class=\"\" data-start=\"966\" data-end=\"1017\">\n<p class=\"\" data-start=\"968\" data-end=\"1017\">politicile, strategiile \u0219i programele societ\u0103\u021bii.<\/p>\n<\/li>\n<\/ul>\n<p class=\"\" data-start=\"1288\" data-end=\"1509\">\ud83d\udc64 <strong data-start=\"1291\" data-end=\"1341\">Persoana desemnat\u0103 pentru rela\u021bia cu publicul:<\/strong><br data-start=\"1341\" data-end=\"1344\" \/>\u00a0Adina Piscu<\/p>\n<p class=\"\" data-start=\"1288\" data-end=\"1509\">\ud83d\udce7 E-mail: plopeni@ump.ro<\/p>\n<p class=\"\" data-start=\"1288\" data-end=\"1509\">\ud83d\udcde Telefon: +40 0244 221 381<\/p>\n<p data-start=\"1288\" data-end=\"1509\">\u00a0<\/p>\n<p class=\"\" data-start=\"1288\" data-end=\"1509\">\ud83d\udd12 Respectarea dreptului la informare se face cu respectarea confiden\u021bialit\u0103\u021bii \u0219i a prevederilor legale privind protec\u021bia informa\u021biilor clasificate \u0219i a celor care intr\u0103 sub inciden\u021ba altor reglement\u0103ri specifice.<\/p>\n<p class=\"\" data-start=\"1019\" data-end=\"1064\">\ud83d\udcc2 <strong data-start=\"1022\" data-end=\"1064\">Formulare utile (disponibile mai jos):<\/strong><\/p>\n<p>\u00a0<\/p>\n<p><a href=\"http:\/\/romarm.ro\/qrtfiles\/uploads\/2016\/03\/L544-cerere.doc\" target=\"_blank\" rel=\"noopener\">Model cerere informatii de interes public<\/a><\/p>\n<p><a href=\"http:\/\/romarm.ro\/qrtfiles\/uploads\/2016\/03\/Model-de-reclama%C8%9Bie-administrativ%C4%83-I-raspuns-negativ.docx\" target=\"_blank\" rel=\"noopener\">Model de reclama\u021bie administrativ\u0103 I \u2013 raspuns negativ<\/a><\/p>\n<p><a href=\"http:\/\/romarm.ro\/qrtfiles\/uploads\/2016\/03\/Model-de-reclama%C8%9Bie-administrativ%C4%83-II-nu-s-a-raspuns-in-termen.docx\" target=\"_blank\" rel=\"noopener\">Model de reclama\u021bie administrativ\u0103 II \u2013 nu s-a raspuns in termen<\/a><\/p>\n\n<div class=\"wp-block-file\"><a id=\"wp-block-file--media-ea27eb64-fc3c-430c-9202-d55081a1e021\" href=\"http:\/\/www.ump.ro\/wp-content\/uploads\/2021\/03\/Raport-privind-implementarea-Legii-544.pdf\">Raport-privind-implementarea-Legii-544<\/a><a class=\"wp-block-file__button wp-element-button\" href=\"http:\/\/www.ump.ro\/wp-content\/uploads\/2021\/03\/Raport-privind-implementarea-Legii-544.pdf\" download=\"\" aria-describedby=\"wp-block-file--media-ea27eb64-fc3c-430c-9202-d55081a1e021\">Download<\/a><\/div>\n<div>\u00a0<\/div>\n<div><a id=\"wp-block-file--media-ea27eb64-fc3c-430c-9202-d55081a1e021\" href=\"http:\/\/www.ump.ro\/wp-content\/uploads\/2026\/01\/Raport_L544_2025.pdf\">Raport-privind-implementarea-Legii-544 &#8211; pe anul 2025<\/a><\/div>\n\t\t\t\t\t\t\t\t<\/div>\n\t\t\t\t<\/div>\n\t\t\t\t\t<\/div>\n\t\t\t\t<\/div>\n\t\t\t\t<\/div>\n\t\t","protected":false},"excerpt":{"rendered":"<p>\ud83d\udcd8 Informa\u021bii de Interes Public (Legea nr. 544\/2001) \u00cen conformitate cu prevederile Legii nr. 544\/2001 privind liberul acces la informa\u021biile de interes public, Uzina Mecanic\u0103 Plopeni asigur\u0103 accesul liber \u0219i ne\u00eengr\u0103dit al persoanelor fizice \u0219i juridice la informa\u021biile de interes public produse sau de\u021binute de societate, \u00een limitele \u0219i condi\u021biile stabilite de lege. \ud83e\uddfe Informa\u021biile [&hellip;]<\/p>\n","protected":false},"author":1,"featured_media":0,"parent":0,"menu_order":0,"comment_status":"closed","ping_status":"closed","template":"","meta":{"ocean_post_layout":"","ocean_both_sidebars_style":"","ocean_both_sidebars_content_width":0,"ocean_both_sidebars_sidebars_width":0,"ocean_sidebar":"","ocean_second_sidebar":"","ocean_disable_margins":"enable","ocean_add_body_class":"","ocean_shortcode_before_top_bar":"","ocean_shortcode_after_top_bar":"","ocean_shortcode_before_header":"","ocean_shortcode_after_header":"","ocean_has_shortcode":"","ocean_shortcode_after_title":"","ocean_shortcode_before_footer_widgets":"","ocean_shortcode_after_footer_widgets":"","ocean_shortcode_before_footer_bottom":"","ocean_shortcode_after_footer_bottom":"","ocean_display_top_bar":"default","ocean_display_header":"default","ocean_header_style":"","ocean_center_header_left_menu":"","ocean_custom_header_template":"","ocean_custom_logo":0,"ocean_custom_retina_logo":0,"ocean_custom_logo_max_width":0,"ocean_custom_logo_tablet_max_width":0,"ocean_custom_logo_mobile_max_width":0,"ocean_custom_logo_max_height":0,"ocean_custom_logo_tablet_max_height":0,"ocean_custom_logo_mobile_max_height":0,"ocean_header_custom_menu":"","ocean_menu_typo_font_family":"","ocean_menu_typo_font_subset":"","ocean_menu_typo_font_size":0,"ocean_menu_typo_font_size_tablet":0,"ocean_menu_typo_font_size_mobile":0,"ocean_menu_typo_font_size_unit":"px","ocean_menu_typo_font_weight":"","ocean_menu_typo_font_weight_tablet":"","ocean_menu_typo_font_weight_mobile":"","ocean_menu_typo_transform":"","ocean_menu_typo_transform_tablet":"","ocean_menu_typo_transform_mobile":"","ocean_menu_typo_line_height":0,"ocean_menu_typo_line_height_tablet":0,"ocean_menu_typo_line_height_mobile":0,"ocean_menu_typo_line_height_unit":"","ocean_menu_typo_spacing":0,"ocean_menu_typo_spacing_tablet":0,"ocean_menu_typo_spacing_mobile":0,"ocean_menu_typo_spacing_unit":"","ocean_menu_link_color":"","ocean_menu_link_color_hover":"","ocean_menu_link_color_active":"","ocean_menu_link_background":"","ocean_menu_link_hover_background":"","ocean_menu_link_active_background":"","ocean_menu_social_links_bg":"","ocean_menu_social_hover_links_bg":"","ocean_menu_social_links_color":"","ocean_menu_social_hover_links_color":"","ocean_disable_title":"default","ocean_disable_heading":"default","ocean_post_title":"","ocean_post_subheading":"","ocean_post_title_style":"","ocean_post_title_background_color":"","ocean_post_title_background":0,"ocean_post_title_bg_image_position":"","ocean_post_title_bg_image_attachment":"","ocean_post_title_bg_image_repeat":"","ocean_post_title_bg_image_size":"","ocean_post_title_height":0,"ocean_post_title_bg_overlay":0.5,"ocean_post_title_bg_overlay_color":"","ocean_disable_breadcrumbs":"default","ocean_breadcrumbs_color":"","ocean_breadcrumbs_separator_color":"","ocean_breadcrumbs_links_color":"","ocean_breadcrumbs_links_hover_color":"","ocean_display_footer_widgets":"default","ocean_display_footer_bottom":"default","ocean_custom_footer_template":"","ofc_meta_disable_footer_callout":"","ofc_meta_callout_button_url":"","ofc_meta_callout_button_txt":"","ofc_meta_callout_text":"","osp_disable_panel":"default","osh_disable_topbar_sticky":"default","osh_disable_header_sticky":"default","osh_sticky_header_style":"default","osh_sticky_header_effect":"","osh_custom_sticky_logo":0,"osh_custom_retina_sticky_logo":0,"osh_custom_sticky_logo_height":0,"osh_background_color":"","osh_links_color":"","osh_links_hover_color":"","osh_links_active_color":"","osh_links_bg_color":"","osh_links_hover_bg_color":"","osh_links_active_bg_color":"","osh_menu_social_links_color":"","osh_menu_social_hover_links_color":"","footnotes":""},"class_list":["post-2248","page","type-page","status-publish","hentry","entry"],"_links":{"self":[{"href":"https:\/\/ump.ro\/index.php\/wp-json\/wp\/v2\/pages\/2248","targetHints":{"allow":["GET"]}}],"collection":[{"href":"https:\/\/ump.ro\/index.php\/wp-json\/wp\/v2\/pages"}],"about":[{"href":"https:\/\/ump.ro\/index.php\/wp-json\/wp\/v2\/types\/page"}],"author":[{"embeddable":true,"href":"https:\/\/ump.ro\/index.php\/wp-json\/wp\/v2\/users\/1"}],"replies":[{"embeddable":true,"href":"https:\/\/ump.ro\/index.php\/wp-json\/wp\/v2\/comments?post=2248"}],"version-history":[{"count":12,"href":"https:\/\/ump.ro\/index.php\/wp-json\/wp\/v2\/pages\/2248\/revisions"}],"predecessor-version":[{"id":30747,"href":"https:\/\/ump.ro\/index.php\/wp-json\/wp\/v2\/pages\/2248\/revisions\/30747"}],"wp:attachment":[{"href":"https:\/\/ump.ro\/index.php\/wp-json\/wp\/v2\/media?parent=2248"}],"curies":[{"name":"wp","href":"https:\/\/api.w.org\/{rel}","templated":true}]}}