{"id":25000,"date":"2024-03-07T05:00:32","date_gmt":"2024-03-07T05:00:32","guid":{"rendered":"https:\/\/demo.rstheme.com\/wordpress\/industrie\/pkg\/?page_id=25000"},"modified":"2025-04-21T07:50:25","modified_gmt":"2025-04-21T07:50:25","slug":"servicii","status":"publish","type":"page","link":"https:\/\/ump.ro\/index.php\/servicii\/","title":{"rendered":"Servicii"},"content":{"rendered":"\t\t<div data-elementor-type=\"wp-page\" data-elementor-id=\"25000\" class=\"elementor elementor-25000\">\n\t\t\t\t<div class=\"elementor-element elementor-element-278ae96 e-flex e-con-boxed e-con e-parent\" data-id=\"278ae96\" data-element_type=\"container\" data-e-type=\"container\">\n\t\t\t\t\t<div class=\"e-con-inner\">\n\t\t<div class=\"elementor-element elementor-element-4959761 e-con-full e-flex e-con e-child\" data-id=\"4959761\" data-element_type=\"container\" data-e-type=\"container\">\n\t\t\t\t<div class=\"elementor-element elementor-element-4bbe208 elementor-widget elementor-widget-text-editor\" data-id=\"4bbe208\" data-element_type=\"widget\" data-e-type=\"widget\" data-widget_type=\"text-editor.default\">\n\t\t\t\t<div class=\"elementor-widget-container\">\n\t\t\t\t\t\t\t\t\t<h3>Servicii de incarcare si asamblare lovituri<\/h3><p>Incarcarea poate fi facuta prin presare sau turnare.<br \/>Echipare subansamble cu elemente pirotehnice ( calupi detonatori , capse de aprindere , capse detonante)<\/p>\t\t\t\t\t\t\t\t<\/div>\n\t\t\t\t<\/div>\n\t\t\t\t<\/div>\n\t\t<div class=\"elementor-element elementor-element-916c41f e-con-full e-flex e-con e-child\" data-id=\"916c41f\" data-element_type=\"container\" data-e-type=\"container\">\n\t\t\t\t<div class=\"elementor-element elementor-element-7c9b008 elementor-widget elementor-widget-text-editor\" data-id=\"7c9b008\" data-element_type=\"widget\" data-e-type=\"widget\" data-widget_type=\"text-editor.default\">\n\t\t\t\t<div class=\"elementor-widget-container\">\n\t\t\t\t\t\t\t\t\t<h3>Delaborare<\/h3><p>Procesul de dezamorsare, dezansamblare \u0219i neutralizare a muni\u021biei neexplodate (UXO) si a munitiilor a caror utilizare si \/ sau depozitare este nesigura, datorita vechimii acestora ( in cazul acestor munitii operatiunea de dezmembrare \u2013 delaborare este inversul celei de fabricatie) sau a altor dispozitive explozive.<\/p>\t\t\t\t\t\t\t\t<\/div>\n\t\t\t\t<\/div>\n\t\t\t\t<\/div>\n\t\t<div class=\"elementor-element elementor-element-0d9cc7a e-con-full e-flex e-con e-child\" data-id=\"0d9cc7a\" data-element_type=\"container\" data-e-type=\"container\">\n\t\t\t\t<div class=\"elementor-element elementor-element-67babca elementor-widget elementor-widget-text-editor\" data-id=\"67babca\" data-element_type=\"widget\" data-e-type=\"widget\" data-widget_type=\"text-editor.default\">\n\t\t\t\t<div class=\"elementor-widget-container\">\n\t\t\t\t\t\t\t\t\t<h3>Laborator probe dinamice<\/h3><p>Determinarea parametrilor balistici la munitiile calibru 20mm \u00f7 152mm;<br \/>Distrugeri de materiale expozive;<br \/>Testarea \u0219i analizarea comportamentului materialelor \u0219i structurilor supuse la sarcini dinamice, cum ar fi vibra\u021bii, \u0219ocuri sau for\u021be variabile \u00een timp.<\/p>\t\t\t\t\t\t\t\t<\/div>\n\t\t\t\t<\/div>\n\t\t\t\t<\/div>\n\t\t<div class=\"elementor-element elementor-element-d12dae9 e-con-full e-flex e-con e-child\" data-id=\"d12dae9\" data-element_type=\"container\" data-e-type=\"container\">\n\t\t\t\t<div class=\"elementor-element elementor-element-666e72f elementor-widget elementor-widget-text-editor\" data-id=\"666e72f\" data-element_type=\"widget\" data-e-type=\"widget\" data-widget_type=\"text-editor.default\">\n\t\t\t\t<div class=\"elementor-widget-container\">\n\t\t\t\t\t\t\t\t\t<h3>Forja<\/h3><p>Precizia dimensionala a pieselor forjate curent este realizata conform STAS 7670-83, clasa mijlocie, la cerere se pot realiza si piese cu dimensiuni \u00een alte clase de precizie.<\/p>\t\t\t\t\t\t\t\t<\/div>\n\t\t\t\t<\/div>\n\t\t\t\t<\/div>\n\t\t<div class=\"elementor-element elementor-element-7d8bdf4 e-con-full e-flex e-con e-child\" data-id=\"7d8bdf4\" data-element_type=\"container\" data-e-type=\"container\">\n\t\t\t\t<div class=\"elementor-element elementor-element-48112e9 elementor-widget elementor-widget-text-editor\" data-id=\"48112e9\" data-element_type=\"widget\" data-e-type=\"widget\" data-widget_type=\"text-editor.default\">\n\t\t\t\t<div class=\"elementor-widget-container\">\n\t\t\t\t\t\t\t\t\t<h3>Prelucrare prin aschiere<\/h3><p>Prelucr\u0103ri pe strunguri cu comanda numerica CNC (strunjiri, gauriri si frezari pe axa de rotatie, excentrice si laterale)<\/p>\t\t\t\t\t\t\t\t<\/div>\n\t\t\t\t<\/div>\n\t\t\t\t<\/div>\n\t\t<div class=\"elementor-element elementor-element-70f687b e-con-full e-flex e-con e-child\" data-id=\"70f687b\" data-element_type=\"container\" data-e-type=\"container\">\n\t\t\t\t<div class=\"elementor-element elementor-element-40dbdcd elementor-widget elementor-widget-text-editor\" data-id=\"40dbdcd\" data-element_type=\"widget\" data-e-type=\"widget\" data-widget_type=\"text-editor.default\">\n\t\t\t\t<div class=\"elementor-widget-container\">\n\t\t\t\t\t\t\t\t\t<h3>Deformari plastice la rece<\/h3><p>Deformari plastice la rece<\/p>\t\t\t\t\t\t\t\t<\/div>\n\t\t\t\t<\/div>\n\t\t\t\t<div class=\"elementor-element elementor-element-d93969c elementor-widget elementor-widget-text-editor\" data-id=\"d93969c\" data-element_type=\"widget\" data-e-type=\"widget\" data-widget_type=\"text-editor.default\">\n\t\t\t\t<div class=\"elementor-widget-container\">\n\t\t\t\t\t\t\t\t\t<h3>Acoperiri la suprafata<\/h3><p>brunare, zincare, fosfatare<\/p>\t\t\t\t\t\t\t\t<\/div>\n\t\t\t\t<\/div>\n\t\t\t\t<\/div>\n\t\t\t\t\t<\/div>\n\t\t\t\t<\/div>\n\t\t<div class=\"elementor-element elementor-element-1cb1dde2 e-flex e-con-boxed e-con e-parent\" data-id=\"1cb1dde2\" data-element_type=\"container\" data-e-type=\"container\">\n\t\t\t\t\t<div class=\"e-con-inner\">\n\t\t\t\t<div class=\"elementor-element elementor-element-bb1e74c elementor-widget elementor-widget-text-editor\" data-id=\"bb1e74c\" data-element_type=\"widget\" data-e-type=\"widget\" data-widget_type=\"text-editor.default\">\n\t\t\t\t<div class=\"elementor-widget-container\">\n\t\t\t\t\t\t\t\t\t<p>Domenii industriale c\u0103rora le sunt destinate produsele fabricate:\u00a0<\/p><ol><li>Industria de ap\u0103rare;<\/li><li>Industria petrolier\u0103;<\/li><li>Industria constructoare de ma\u015fini (componente pentru rulmen\u0163i industriali, subansamble, piese \u015fi semifabricate pentru echipamente hidraulice).<\/li><\/ol><p>Tipul de fabrica\u0163ie:<\/p><ul><li style=\"list-style-type: none;\"><ul><li>unicat;<\/li><li>serie mic\u0103;<\/li><li>serie mijlocie;<\/li><li>serie mare.<\/li><\/ul><\/li><\/ul><p>Grupe de materiale procesate:<\/p><ul><li>o\u0163el carbon;<\/li><li>o\u0163el aliat;<\/li><li>o\u0163el inoxidabil;<\/li><li>o\u0163el pentru scule;<\/li><li>aluminiu \u0219i aliaje de aluminiu turnate \u0219i\/sau extrudate;<\/li><li>cupru \u015fi aliaje de cupru;<\/li><li>materiale nemetalice (mase plastice, textile h\u00e2rtie, carton, cauciuc, materiale pirotehnice \u015f.a.).<\/li><\/ul><p>Procedee tehnologice, corespunz\u0103toare capacit\u0103\u0163ilor de produc\u0163ie:<\/p><p>\u00a0\u00a0 <strong>Forj\u0103 <\/strong><\/p><p>\u00a0Pot fi executate:<\/p><ol><li>piese forjate \u00een matri\u0163\u0103;<\/li><li>piese extrudate;<\/li><li>piese presate din aluminiu sau alam\u0103;<\/li><li>piese forjate liber.<\/li><\/ol><p>Utilaje tehnologice:<\/p><ol><li>prese hidraulice 180, 250, 280, 400, 500 Tf;<\/li><li>prese cu fric\u021biune \u2013 4 buc;<\/li><li>ma\u015fini de forjat orizontal<\/li><li>ciocan matri\u021bor \u2013 2 buc.<\/li><li>instala\u0163ii de sablare;<\/li><\/ol><p>Precizia dimensional\u0103 a pieselor forjate curent este realizat\u0103 conform STAS 7670-83, clas\u0103 mijlocie; la cerere se pot realiza \u015fi piese cu dimensiuni \u00een alte clase de precizie.<\/p><p><strong>\u00a0Tratamente termice<\/strong><\/p><p>\u00a0<u>Primare<\/u><\/p><p>\u00a0Recoaceri -execuate pe cuptoare electrice sau pe cuptoare cu gaze, care pot fi:\u00a0 \u00a0\u00a0<\/p><ol><li>recoaceri de omogenizare;<\/li><li>recoaceri de normalizare;<\/li><li>recoaceri de \u00eenmuiere;<\/li><li>recoaceri de recristalizare;<\/li><li>recoaceri subcritice \u00eentre punctele A<sub>c1<\/sub>-A<sub>c3<\/sub><\/li><\/ol><p><u>Secundare<\/u><\/p><p>C\u0103liri \u0219i reveniri f\u0103r\u0103 atmosfer\u0103 controlat\u0103\u00a0<\/p><ol><li>C\u0103lire \u00een ap\u0103 sau ulei;<\/li><li>C\u0103lire \u00een trepte sau izoterm\u0103;<\/li><li>C\u0103lire superficial\u0103<\/li><li>Tratamente termice de \u00eembun\u0103t\u0103\u021bire;<\/li><li>\u00cemb\u0103tr\u00e2niri artificiale;<\/li><li>Reveniri joase, medii sau \u00eenalte.<\/li><li>Revenire de detensionare\/\u00eemb\u0103tr\u00eenire.<\/li><\/ol><p><u>Echipamente tehnologice<\/u>\u00a0\u00a0\u00a0\u00a0\u00a0\u00a0\u00a0\u00a0\u00a0\u00a0\u00a0\u00a0\u00a0\u00a0\u00a0\u00a0\u00a0\u00a0\u00a0\u00a0\u00a0\u00a0\u00a0\u00a0\u00a0\u00a0\u00a0\u00a0\u00a0\u00a0\u00a0\u00a0\u00a0\u00a0<\/p><ol><li>Cuptoare cu bazin integrat &#8211; 3 buc.;<\/li><li>Cuptoare de c\u0103lire-revenire cu bazin separat cu ap\u0103 sau ulei;<\/li><li>B\u0103i de sare;<\/li><li>Instala\u021bii roluit carton pentru tuburi carton diverse diametre \u0219i lungimi;<\/li><li>Pres\u0103 1000 Tf pentru tuburi alam\u0103, otel, aluminiu cal. 23 mm;<\/li><li>Pres\u0103 300 Tf orizontale pentru tuburi cal. 30 \u2013 70 mm -5 buc.<\/li><\/ol><p>Dimensiuni de piese:<\/p><p><em>Recoaceri, c\u0103liri \u015fi reveniri:<\/em><\/p><ol><li>1200 kg \/ \u015farj\u0103;<\/li><li>\u00d8 900 x 700 mm sau 1200 x 900 x 700 mm.<\/li><\/ol><p><strong>Acoperiri de suprafa\u0163\u0103<\/strong><strong>\u00a0<\/strong><\/p><ul><li><strong>Zincare:<\/strong><\/li><\/ul><ol><li>grosime de strat: 6\u00f7 12\u03bcm;<\/li><li>lungimea maxim\u0103 a pieselor: 1200 mm;<\/li><li>greut\u0103\u0163i: max. 50 kg.<\/li><\/ol><ul><li><strong>Fosfatare:<\/strong><\/li><\/ul><ol><li>lungimea maxim\u0103 a pieselor: 1500 mm;<\/li><li>greut\u0103\u0163i: max. 250 kg.<\/li><\/ol><ul><li><strong>Pasivizare:<\/strong><\/li><\/ul><ol><li>lungimea maxim\u0103 a pieselor:1500 mm;<\/li><li>greutati:max. 250 kg.<\/li><\/ol><p><strong>Prelucr\u0103ri prin a\u015fchiere<\/strong><\/p><p><strong>\u00a0<\/strong>Prelucr\u0103ri pe strunguri cu comand\u0103 numeric\u0103 CNC (strunjiri, g\u0103uriri \u015fi frez\u0103ri pe axa de rota\u0163ie, excentrice \u015fi laterale)<\/p><ol><li>dimensiuni maxime: \u00d8 400 x 1000 mm;<\/li><li>greutate maxim\u0103: 50 kg.<\/li><\/ol><p>Societatea detine 21 \u00a0strunguri cu command\u0103 numeric\u0103.<\/p><p><strong>&#8211; <\/strong>Prelucr\u0103ri mecanice pe centru cu comand\u0103 numeric\u0103 \u00een 5 axe destinat execu\u021biei de piese finite prin opera\u021bii de strunjire, frezare, g\u0103urire, filetare etc., specifice prelucr\u0103rilor mecanice pe ma\u0219ini unelte la care programarea comenzilor se realizeaz\u0103 prin interfa\u0163a unui calculator, folosind un cod numeric conven\u0163ional.<\/p><p>&#8211; Strunjiri pe utilaje clasice (strunguri normale, automate cu 6 axe, revolvere, copier);<\/p><ol><li>dimensiuni maxime: \u00d8 300 x 1000mm;<\/li><li>greutate maxim\u0103: 50 kg.<\/li><\/ol><p>&#8211; Frez\u0103ri pe utilaje clasice:<\/p><ol><li>dimensiuni maxime: 500 x 500 x 500mm;<\/li><li>greutate maxim\u0103: 600 kg.<\/li><\/ol><p>&#8211; Rectific\u0103ri cilindrice, conice (pe rotund):<\/p><ol><li>dimensiuni maxime: \u00d8 350mm;<\/li><li>greutate maxim\u0103: 200 kg.<\/li><\/ol><p>\u00a0\u00a0 &#8211; Rectific\u0103ri plane:<\/p><ol><li>dimensiuni maxime: 2000 x 600mm;<\/li><li>greutate maxim\u0103: 1000 kg.<\/li><\/ol><p>\u00a0\u00a0\u00a0 &#8211; G\u0103urire ad\u00e2nc\u0103:<\/p><ol><li>dimensiuni maxime: \u00d8 30 x 400mm.<\/li><\/ol><p>\u00a0&#8211; Diverse:<\/p><ol><li>\u00eenf\u0103\u015fur\u0103ri arcuri (pentru s\u00e2rm\u0103 cu \u00d8 max. 2,5 mm).<\/li><\/ol><p>\u00a0\u00a0\u00a0 Precizia de prelucrare a pieselor din aceast\u0103 categorie se \u00eencadreaz\u0103 \u00een standardele \u015fi normativele actuale; \u00een principiu se pot realiza piese cu abateri de max. 0,01 mm \u00een func\u0163ie de solicit\u0103rile beneficiarilor, cu costurile suplimentare aferente.<\/p><p><strong>\u00a0<\/strong><\/p><p><strong>Deform\u0103ri plastice la rece:<\/strong><\/p><p><strong>\u00a0<\/strong><\/p><p>&#8211; Materiale:<\/p><ul><li>o\u0163eluri speciale;<\/li><li>cupru \u015fi aliajele lui;<\/li><li>aluminiul si aliajele lui.<\/li><\/ul><p>\u00a0\u00a0\u00a0\u00a0\u00a0\u00a0\u00a0\u00a0\u00a0\u00a0\u00a0\u00a0\u00a0\u00a0\u00a0\u00a0\u00a0\u00a0\u00a0\u00a0\u00a0\u00a0\u00a0 &#8211;\u00a0 Procedee:<\/p><ul><li>\u015ftan\u0163\u0103ri;<\/li><li>matri\u0163\u0103ri;<\/li><li>extrud\u0103ri;<\/li><li>\u00eendoiri;<\/li><\/ul><p><strong>Verificarea prin trageri a parametrilor muni\u0163iilor de artilerie \u00een poligonul uzinal \u00a0propriu<\/strong><\/p><ol><li>Instala\u021bie cu sistem Doppler pentru masurarea parametrilor balistici la lovitura cal. 20\u00d7102mm.<\/li><li>Instala\u021bie pentru masurarea parametrilor balistici la lovitura cal. 30\u00d7173mm, la care se poate ata\u0219a sistemul Doppler, de la pozi\u021bia cal. 20\u00d7102mm.<\/li><\/ol><p><strong>Servicii de proiectare constructive \u0219i tehnologic\u0103<\/strong> aferente proceselor tehnologice posibil de executat \u00een societate:<\/p><ol><li>proiectare tehnologii ( forjare, tratament termic, acoperiri de suprafat\u0103, prelucr\u0103ri mecanice \u0219i combina\u021bii ale acestora );<\/li><li>proiectare S.D.V. \u2013 uri necesare celor de mai sus<\/li><\/ol>\t\t\t\t\t\t\t\t<\/div>\n\t\t\t\t<\/div>\n\t\t\t\t\t<\/div>\n\t\t\t\t<\/div>\n\t\t\t\t<\/div>\n\t\t","protected":false},"excerpt":{"rendered":"<p>Servicii de incarcare si asamblare lovituri Incarcarea poate fi facuta prin presare sau turnare.Echipare subansamble cu elemente pirotehnice ( calupi detonatori , capse de aprindere , capse detonante) Delaborare Procesul de dezamorsare, dezansamblare \u0219i neutralizare a muni\u021biei neexplodate (UXO) si a munitiilor a caror utilizare si \/ sau depozitare este nesigura, datorita vechimii acestora ( [&hellip;]<\/p>\n","protected":false},"author":1,"featured_media":0,"parent":0,"menu_order":0,"comment_status":"closed","ping_status":"closed","template":"","meta":{"ocean_post_layout":"","ocean_both_sidebars_style":"","ocean_both_sidebars_content_width":0,"ocean_both_sidebars_sidebars_width":0,"ocean_sidebar":"","ocean_second_sidebar":"","ocean_disable_margins":"enable","ocean_add_body_class":"","ocean_shortcode_before_top_bar":"","ocean_shortcode_after_top_bar":"","ocean_shortcode_before_header":"","ocean_shortcode_after_header":"","ocean_has_shortcode":"","ocean_shortcode_after_title":"","ocean_shortcode_before_footer_widgets":"","ocean_shortcode_after_footer_widgets":"","ocean_shortcode_before_footer_bottom":"","ocean_shortcode_after_footer_bottom":"","ocean_display_top_bar":"default","ocean_display_header":"default","ocean_header_style":"","ocean_center_header_left_menu":"","ocean_custom_header_template":"","ocean_custom_logo":0,"ocean_custom_retina_logo":0,"ocean_custom_logo_max_width":0,"ocean_custom_logo_tablet_max_width":0,"ocean_custom_logo_mobile_max_width":0,"ocean_custom_logo_max_height":0,"ocean_custom_logo_tablet_max_height":0,"ocean_custom_logo_mobile_max_height":0,"ocean_header_custom_menu":"","ocean_menu_typo_font_family":"","ocean_menu_typo_font_subset":"","ocean_menu_typo_font_size":0,"ocean_menu_typo_font_size_tablet":0,"ocean_menu_typo_font_size_mobile":0,"ocean_menu_typo_font_size_unit":"px","ocean_menu_typo_font_weight":"","ocean_menu_typo_font_weight_tablet":"","ocean_menu_typo_font_weight_mobile":"","ocean_menu_typo_transform":"","ocean_menu_typo_transform_tablet":"","ocean_menu_typo_transform_mobile":"","ocean_menu_typo_line_height":0,"ocean_menu_typo_line_height_tablet":0,"ocean_menu_typo_line_height_mobile":0,"ocean_menu_typo_line_height_unit":"","ocean_menu_typo_spacing":0,"ocean_menu_typo_spacing_tablet":0,"ocean_menu_typo_spacing_mobile":0,"ocean_menu_typo_spacing_unit":"","ocean_menu_link_color":"","ocean_menu_link_color_hover":"","ocean_menu_link_color_active":"","ocean_menu_link_background":"","ocean_menu_link_hover_background":"","ocean_menu_link_active_background":"","ocean_menu_social_links_bg":"","ocean_menu_social_hover_links_bg":"","ocean_menu_social_links_color":"","ocean_menu_social_hover_links_color":"","ocean_disable_title":"default","ocean_disable_heading":"default","ocean_post_title":"","ocean_post_subheading":"","ocean_post_title_style":"","ocean_post_title_background_color":"","ocean_post_title_background":0,"ocean_post_title_bg_image_position":"","ocean_post_title_bg_image_attachment":"","ocean_post_title_bg_image_repeat":"","ocean_post_title_bg_image_size":"","ocean_post_title_height":0,"ocean_post_title_bg_overlay":0.5,"ocean_post_title_bg_overlay_color":"","ocean_disable_breadcrumbs":"default","ocean_breadcrumbs_color":"","ocean_breadcrumbs_separator_color":"","ocean_breadcrumbs_links_color":"","ocean_breadcrumbs_links_hover_color":"","ocean_display_footer_widgets":"default","ocean_display_footer_bottom":"default","ocean_custom_footer_template":"","ofc_meta_disable_footer_callout":"","ofc_meta_callout_button_url":"","ofc_meta_callout_button_txt":"","ofc_meta_callout_text":"","osp_disable_panel":"default","osh_disable_topbar_sticky":"default","osh_disable_header_sticky":"default","osh_sticky_header_style":"default","osh_sticky_header_effect":"","osh_custom_sticky_logo":0,"osh_custom_retina_sticky_logo":0,"osh_custom_sticky_logo_height":0,"osh_background_color":"","osh_links_color":"","osh_links_hover_color":"","osh_links_active_color":"","osh_links_bg_color":"","osh_links_hover_bg_color":"","osh_links_active_bg_color":"","osh_menu_social_links_color":"","osh_menu_social_hover_links_color":"","footnotes":""},"class_list":["post-25000","page","type-page","status-publish","hentry","entry"],"_links":{"self":[{"href":"https:\/\/ump.ro\/index.php\/wp-json\/wp\/v2\/pages\/25000","targetHints":{"allow":["GET"]}}],"collection":[{"href":"https:\/\/ump.ro\/index.php\/wp-json\/wp\/v2\/pages"}],"about":[{"href":"https:\/\/ump.ro\/index.php\/wp-json\/wp\/v2\/types\/page"}],"author":[{"embeddable":true,"href":"https:\/\/ump.ro\/index.php\/wp-json\/wp\/v2\/users\/1"}],"replies":[{"embeddable":true,"href":"https:\/\/ump.ro\/index.php\/wp-json\/wp\/v2\/comments?post=25000"}],"version-history":[{"count":0,"href":"https:\/\/ump.ro\/index.php\/wp-json\/wp\/v2\/pages\/25000\/revisions"}],"wp:attachment":[{"href":"https:\/\/ump.ro\/index.php\/wp-json\/wp\/v2\/media?parent=25000"}],"curies":[{"name":"wp","href":"https:\/\/api.w.org\/{rel}","templated":true}]}}