{"id":2669,"date":"2018-12-12T10:33:59","date_gmt":"2018-12-12T08:33:59","guid":{"rendered":"http:\/\/www.ump.ro\/?page_id=2669"},"modified":"2026-02-11T07:22:14","modified_gmt":"2026-02-11T07:22:14","slug":"politica-de-confidentialitate","status":"publish","type":"page","link":"https:\/\/ump.ro\/index.php\/politica-de-confidentialitate\/","title":{"rendered":"Politica de confidentialitate"},"content":{"rendered":"\n<p>Aceast\u0103 politic\u0103 de confiden\u0163ialitate se aplic\u0103 pentru vizitatorii site-ului www.ump.ro \u015fi explic\u0103 modul \u00een care <strong>S.<\/strong>\u00a0<strong>Uzina Mecanica Plopeni SA<\/strong> folose\u015fte \u015fi protejeaz\u0103 informa\u0163iile tale personale. Aceasta acoper\u0103 toate serviciile oferite de\u00a0<strong>S. Uzina Mecanica Plopeni SA<\/strong>.\u00a0 Aceast\u0103 politic\u0103 de confiden\u0163ialitate nu se aplic\u0103 ter\u0163ilor, site-urilor sau pe care apar link-uri c\u0103tre site-ul nostru. Aceste site-uri ter\u0163e p\u0103r\u0163i \u00ee\u015fi desf\u0103\u015foar\u0103 politica de confiden\u0163ialitate proprie, pe care \u00ee\u0163i recomand\u0103m s\u0103 le cite\u015fti. Datele furnizate de tine \u00een cursul navig\u0103rii acestui website pot fi folosite de <br><strong>S. Uzina Mecanica Plopeni SA<\/strong> \u015fi sunt prelucrate \u00een scopul promov\u0103rii \u015fi \u00eembun\u0103t\u0103\u0163irii serviciilor sale.<\/p>\n\n\n\n<p>Prin acordul t\u0103u exprimat prin accesarea \u015fi utilizarea www.ump.ro, datele tale cu caracter personal \u015fi orice alte informa\u0163ii furnizate de tine pot fi prelucrate \u015fi utilizate de <strong>S. Uzina Mecanica Plopeni SA<\/strong>\u00a0 \u00een orice activit\u0103\u0163i \u015fi scopuri legate de marketing c\u00e2t \u015fi \u00een scopul realiz\u0103rii unui interes legitim al <strong>S. Uzina Mecanica Plopeni SA<\/strong>, pentru constituire de baze de date \u015fi utilizarea acestora, oricare ar fi ele. Datele cu caracter personal furnizate de tine constau \u00een informa\u0163iile referitoare la o persoan\u0103 fizic\u00e3 identificat\u0103 sau identificabil\u0103. Asemenea informa\u0163ii cu caracter personal sunt numele, adresa, num\u0103rul de telefon, orice informa\u0163ie privind folosirea produselor \u015fi serviciilor <strong>S. Uzina Mecanica Plopeni SA<\/strong>, c\u00e2t \u015fi orice informa\u0163ie furnizat\u0103 de tine care este prelucrat\u0103 \u015fi introdus\u0103 \u00een baza noastr\u0103 de date.<\/p>\n\n\n\n<p>Datele tale cu caracter personal sunt prelucrate cu respectarea prevederilor legale. <strong>S. Uzina Mecanica Plopeni SA<\/strong> \u00ee\u0163i aduce la cuno\u015ftin\u0163\u0103 c\u0103 beneficiezi de drepturile prev\u0103zute de art.12-15 din Legea 677\/2001 referitoare la prelucrarea datelor cu caracter personal, respectiv dreptul la informare, dreptul de acces, dreptul de interven\u0163ie asupra datelor \u015fi dreptul de opozi\u0163ie, pe care le po\u0163i exercita printr-o cerere scris\u0103, semnat\u0103 \u015fi datat\u0103, pe adresa:\u00a0 Strada Republicii nr.1, Plopeni , Prahova. De asemenea, prin accesarea \u015fi utilizarea site-ului www.ump.ro \u00ee\u0163i exprimi consim\u0163\u0103m\u00e2ntul \u00een sensul primirii de apeluri, mesaje text (SMS) sau e-mailuri pentru promovarea serviciilor oferite de \u015fi\/sau prin intermediul <strong>S. Uzina Mecanica Plopeni SA<\/strong>.<br>Dac\u0103 nu e\u015fti de acord cu condi\u0163iile de utilizare de c\u0103tre tine a website-ului \u015fi a datelor cu caracter personal de c\u0103tre\u00a0<strong>S. Uzina Mecanica Plopeni SA<\/strong>, ai dreptul de a nu mai utiliza acest web site.<\/p>\n\n\n\n<p><strong>Modific\u0103ri ale politicii de confiden\u0163ialitate<\/strong><\/p>\n\n\n\n<p><br>Orice modific\u0103ri vor fi aduse politicii de confiden\u0163ialitate vor fi publicate pe site-ul nostru \u015fi, c\u00e2nd este cazul, vor fi notificate prin SMS sau e-mail, astfel \u00eenc\u00e2t s\u0103 r\u0103m\u00e2i tot timpul informat cu privire la modalitatea \u00een care folosim datele tale cu caracter personal. Prin continuarea utiliz\u0103rii site-ului dup\u0103 orice modificare consider\u0103m c\u0103 e\u015fti de acord cu aceste modific\u0103ri.<\/p>\n\n\n\n<p><strong>Politica de utilizare a cookie-urilor<\/strong><\/p>\n\n\n\n<p><br>Ce sunt cookie-urile? Un cookie este un fi\u015fier care se salveaz\u0103 pe computerul t\u0103u atunci c\u00e2nd vizitezi un website.<\/p>\n\n\n\n<p><br>Acest fi\u015fier permite re\u0163inerea set\u0103rilor \u015fi a preferin\u0163elor tale c\u00e2nd ne vizitezi din nou site-ul, pentru a-\u0163i oferi o mai bun\u0103 experien\u0163\u0103 online. Ai posibilitatea de a permite cookie-uri sau nu, dar dac\u0103 nu vrei s\u0103 permi\u0163i lansarea de cookie-uri, va trebui s\u0103 faci set\u0103rile adecvate din browserul t\u0103u. Cookie-urile nu pot fi folosite pentru a rula programe sau a transmite viru\u015fi informatici \u00een dispozitivul tau. Cookie-urile pot fi citite numai de un server al site-ului (www.ump.ro) care a salvat cookie-uri \u00een dispozitivul t\u0103u.<\/p>\n\n\n\n<p><strong>Vrei sa blochezi cookie-urile?<\/strong><\/p>\n\n\n\n<p><br>Dac\u0103 vrei s\u0103 blochezi cookie-urile, unele func\u0163ionalit\u0103\u0163i ale site ului vor fi oprite, iar acest lucru poate genera anumite disfunc\u0163ionalit\u0103\u0163i sau erori \u00een folosirea site-ului nostru.<br>Dac\u0103 accep\u0163i aceste limit\u0103ri \u015fi e\u015fti decis s\u0103 blochezi cookie-urile, urmeaz\u0103 instruc\u0163iunile de mai jos:<\/p>\n\n\n\n<p><strong>Cum pot permite sau bloca cookie-urile?<br><\/strong><\/p>\n\n\n\n<p>Cele mai multe browsere sunt setate implicit s\u0103 accepte cookie-uri, dar ai posibilitatea s\u0103 modifici set\u0103rile pentru a bloca unele sau toate cookie-urile, dac\u0103 preferi. Dac\u0103 nu \u00ee\u0163i place cum acest lucru afecteaz\u0103 experien\u021ba ta online, e la fel de u\u015for s\u0103 accep\u0163i din nou cookie-urile.<br>Alege browser-ul t\u0103u din lista de mai jos pentru a afi\u015fa instruc\u0163iunile pe care trebuie s\u0103 le parcurgi dup\u0103 deschiderea browser-ului.<\/p>\n\n\n\n<p><strong>Browsere pentru computer<\/strong><\/p>\n\n\n\n<p>Microsoft Internet Explorer 6\/7\/8 (sistem de operare Windows XP\/Vista)<br>\u2022\tselecteaz\u0103 Instrumente din bara principal\u0103, apoi Op\u0163iuni Internet<br>\u2022\tf\u0103 click pe Confiden\u0163ialitate<br>\u2022\talege set\u0103rile pe care le dore\u015fti.<br>\u2022\tf\u0103 click pe OK pentru a salva set\u0103rile<\/p>\n\n\n\n<p><br>Microsoft Internet Explorer 8\/9 (sistem de operare Windows 7)<br>\u2022\tf\u0103 click pe pictograma Set\u0103ri(dreapta sus)<br>\u2022\tf\u0103 click pe Op\u0163iuni Internet<br>\u2022\tclick pe Confiden\u0163ialitate \u015fi apoi alege op\u0163iunile<br>\u2022\tclick pe Aplicare \u015fi apoi pe OK pentru salvarea preferin\u0163elor<br><\/p>\n\n\n\n<p>Google Chrome<br>\u2022\tf\u0103 click pe pictograma cheie \u015fi selecteaz\u0103 Op\u0163iuni din list\u0103<br>\u2022\tclick pe tabul \u201dSetari avansate\u201d<br>\u2022\tf\u0103 click pe Set\u0103ri privind con\u021binutul din sec\u021biunea Confiden\u021bialitate.<br>\u2022\talege set\u0103rile pe care le dore\u015fti<br>\u2022\tclick pe X pentru a \u00eenchide<br><\/p>\n\n\n\n<p>Safari<br>\u2022\talege Preferin\u0163e<br>\u2022\tf\u0103 click pe panoul de confidentialitate<br>\u2022\talege set\u0103rile pe care le dore\u015fti<br>\u2022\tclick pe X pentru a \u00eenchide<br><\/p>\n\n\n\n<p>Mozilla Firefox<br>\u2022\tselecteaz\u0103 Instrumente din bara principala, apoi Op\u0163iuni<br>\u2022\tclick pe tabul Confiden\u0163ialitate<br>\u2022\talege set\u0103rile pe care le dore\u015fti<br>\u2022\tclick pe OK pentru a \u00eenchide<\/p>\n","protected":false},"excerpt":{"rendered":"<p>Aceast\u0103 politic\u0103 de confiden\u0163ialitate se aplic\u0103 pentru vizitatorii site-ului www.ump.ro \u015fi explic\u0103 modul \u00een care S.\u00a0Uzina Mecanica Plopeni SA folose\u015fte \u015fi protejeaz\u0103 informa\u0163iile tale personale. Aceasta acoper\u0103 toate serviciile oferite de\u00a0S. Uzina Mecanica Plopeni SA.\u00a0 Aceast\u0103 politic\u0103 de confiden\u0163ialitate nu se aplic\u0103 ter\u0163ilor, site-urilor sau pe care apar link-uri c\u0103tre site-ul nostru. Aceste site-uri ter\u0163e [&hellip;]<\/p>\n","protected":false},"author":1,"featured_media":0,"parent":0,"menu_order":0,"comment_status":"closed","ping_status":"closed","template":"","meta":{"ocean_post_layout":"","ocean_both_sidebars_style":"","ocean_both_sidebars_content_width":0,"ocean_both_sidebars_sidebars_width":0,"ocean_sidebar":"","ocean_second_sidebar":"","ocean_disable_margins":"enable","ocean_add_body_class":"","ocean_shortcode_before_top_bar":"","ocean_shortcode_after_top_bar":"","ocean_shortcode_before_header":"","ocean_shortcode_after_header":"","ocean_has_shortcode":"","ocean_shortcode_after_title":"","ocean_shortcode_before_footer_widgets":"","ocean_shortcode_after_footer_widgets":"","ocean_shortcode_before_footer_bottom":"","ocean_shortcode_after_footer_bottom":"","ocean_display_top_bar":"default","ocean_display_header":"default","ocean_header_style":"","ocean_center_header_left_menu":"","ocean_custom_header_template":"","ocean_custom_logo":0,"ocean_custom_retina_logo":0,"ocean_custom_logo_max_width":0,"ocean_custom_logo_tablet_max_width":0,"ocean_custom_logo_mobile_max_width":0,"ocean_custom_logo_max_height":0,"ocean_custom_logo_tablet_max_height":0,"ocean_custom_logo_mobile_max_height":0,"ocean_header_custom_menu":"","ocean_menu_typo_font_family":"","ocean_menu_typo_font_subset":"","ocean_menu_typo_font_size":0,"ocean_menu_typo_font_size_tablet":0,"ocean_menu_typo_font_size_mobile":0,"ocean_menu_typo_font_size_unit":"px","ocean_menu_typo_font_weight":"","ocean_menu_typo_font_weight_tablet":"","ocean_menu_typo_font_weight_mobile":"","ocean_menu_typo_transform":"","ocean_menu_typo_transform_tablet":"","ocean_menu_typo_transform_mobile":"","ocean_menu_typo_line_height":0,"ocean_menu_typo_line_height_tablet":0,"ocean_menu_typo_line_height_mobile":0,"ocean_menu_typo_line_height_unit":"","ocean_menu_typo_spacing":0,"ocean_menu_typo_spacing_tablet":0,"ocean_menu_typo_spacing_mobile":0,"ocean_menu_typo_spacing_unit":"","ocean_menu_link_color":"","ocean_menu_link_color_hover":"","ocean_menu_link_color_active":"","ocean_menu_link_background":"","ocean_menu_link_hover_background":"","ocean_menu_link_active_background":"","ocean_menu_social_links_bg":"","ocean_menu_social_hover_links_bg":"","ocean_menu_social_links_color":"","ocean_menu_social_hover_links_color":"","ocean_disable_title":"default","ocean_disable_heading":"default","ocean_post_title":"","ocean_post_subheading":"","ocean_post_title_style":"","ocean_post_title_background_color":"","ocean_post_title_background":0,"ocean_post_title_bg_image_position":"","ocean_post_title_bg_image_attachment":"","ocean_post_title_bg_image_repeat":"","ocean_post_title_bg_image_size":"","ocean_post_title_height":0,"ocean_post_title_bg_overlay":0.5,"ocean_post_title_bg_overlay_color":"","ocean_disable_breadcrumbs":"default","ocean_breadcrumbs_color":"","ocean_breadcrumbs_separator_color":"","ocean_breadcrumbs_links_color":"","ocean_breadcrumbs_links_hover_color":"","ocean_display_footer_widgets":"default","ocean_display_footer_bottom":"default","ocean_custom_footer_template":"","ofc_meta_disable_footer_callout":"","ofc_meta_callout_button_url":"","ofc_meta_callout_button_txt":"","ofc_meta_callout_text":"","osp_disable_panel":"default","osh_disable_topbar_sticky":"default","osh_disable_header_sticky":"default","osh_sticky_header_style":"default","osh_sticky_header_effect":"","osh_custom_sticky_logo":0,"osh_custom_retina_sticky_logo":0,"osh_custom_sticky_logo_height":0,"osh_background_color":"","osh_links_color":"","osh_links_hover_color":"","osh_links_active_color":"","osh_links_bg_color":"","osh_links_hover_bg_color":"","osh_links_active_bg_color":"","osh_menu_social_links_color":"","osh_menu_social_hover_links_color":"","footnotes":""},"class_list":["post-2669","page","type-page","status-publish","hentry","entry"],"_links":{"self":[{"href":"https:\/\/ump.ro\/index.php\/wp-json\/wp\/v2\/pages\/2669","targetHints":{"allow":["GET"]}}],"collection":[{"href":"https:\/\/ump.ro\/index.php\/wp-json\/wp\/v2\/pages"}],"about":[{"href":"https:\/\/ump.ro\/index.php\/wp-json\/wp\/v2\/types\/page"}],"author":[{"embeddable":true,"href":"https:\/\/ump.ro\/index.php\/wp-json\/wp\/v2\/users\/1"}],"replies":[{"embeddable":true,"href":"https:\/\/ump.ro\/index.php\/wp-json\/wp\/v2\/comments?post=2669"}],"version-history":[{"count":1,"href":"https:\/\/ump.ro\/index.php\/wp-json\/wp\/v2\/pages\/2669\/revisions"}],"predecessor-version":[{"id":30805,"href":"https:\/\/ump.ro\/index.php\/wp-json\/wp\/v2\/pages\/2669\/revisions\/30805"}],"wp:attachment":[{"href":"https:\/\/ump.ro\/index.php\/wp-json\/wp\/v2\/media?parent=2669"}],"curies":[{"name":"wp","href":"https:\/\/api.w.org\/{rel}","templated":true}]}}