{"id":29715,"date":"2025-01-21T11:07:20","date_gmt":"2025-01-21T09:07:20","guid":{"rendered":"https:\/\/www.ump.ro\/?page_id=29715"},"modified":"2025-01-21T11:15:46","modified_gmt":"2025-01-21T09:15:46","slug":"relatii-de-munca-arhiva-formulare-cereri-eliberare-adeverinte","status":"publish","type":"page","link":"https:\/\/ump.ro\/index.php\/relatii-de-munca-arhiva-formulare-cereri-eliberare-adeverinte\/","title":{"rendered":"Rela\u021bii de munc\u0103. Arhiv\u0103. Formulare, cereri, eliberare adeverin\u021be"},"content":{"rendered":"<h2>Rela\u021bii de munc\u0103. Arhiv\u0103. Formulare, cereri, eliberare adeverin\u021be<\/h2>\t\t\t\t\n\t\t<p><\/p>\n<p><strong>Program pentru depunerea cererilor<\/strong><\/p>\n<p><\/p>\n<p>\u2022 La sediul societ\u0103\u021bii \u00een zilele de MARTI \u0219i JOI, \u00eentre orele 8:00 \u2013 11:30 . (Modelul cererii se poate ob\u021bine de la sediul S. Uzina Mecanic\u0103 Plopeni S.A. de la registratur\u0103 sau poate fi desc\u0103rcat de pe site-ul societ\u0103\u021bii)<\/p>\n<p><\/p>\n<p>Prin Oficiul Po\u0219tal, la adresa societ\u0103\u021bii \u2013&nbsp;Str. Republicii nr.1 , oras Plopeni , Judetul Prahova, cod postal 105900<\/p>\n<p><\/p>\n<p>\u2022 Prin e-mail la adresa:&nbsp; plopeni@ump.ro<\/p>\n<p><\/p>\n<p>Modele Cereri&nbsp;(disponibile pentru desc\u0103rcare):<\/p>\n<p><\/p>\n<a id=\"wp-block-file--media-53cc372f-7ef5-42d0-a501-496713e8eec1\" href=\"https:\/\/www.ump.ro\/wp-content\/uploads\/2025\/01\/Acord.pdf\">Acord<\/a>\n<p><\/p>\n<a id=\"wp-block-file--media-b02c9f30-1512-45e5-b71e-4a1b1cbc998c\" href=\"https:\/\/www.ump.ro\/wp-content\/uploads\/2025\/01\/Activitate-practica-ca-elev.pdf\">Activitate practica ca elev<\/a>\n<p><\/p>\n<a id=\"wp-block-file--media-edfff59b-12be-41c6-86ea-0049c5bc6069\" href=\"https:\/\/www.ump.ro\/wp-content\/uploads\/2025\/01\/cerere-Grupa-I-de-munca.pdf\">cerere Grupa I de munca<\/a>\n<p><\/p>\n<a id=\"wp-block-file--media-8c4fc694-80a4-4f49-b2b0-55f060656104\" href=\"https:\/\/www.ump.ro\/wp-content\/uploads\/2025\/01\/cerere-Sentinta-Civila.pdf\">cerere Sentinta Civila<\/a>\n<p><\/p>\n<a id=\"wp-block-file--media-f86cc7a4-fb3a-40c5-8a13-fc6e5bea4fc3\" href=\"https:\/\/www.ump.ro\/wp-content\/uploads\/2025\/01\/cerere-sporuri.pdf\">cerere sporuri<\/a>\n<p><\/p>\n<a id=\"wp-block-file--media-90d94e77-1a17-4724-9724-73155e581bf3\" href=\"https:\/\/www.ump.ro\/wp-content\/uploads\/2025\/01\/Drepturi-salariale.pdf\">Drepturi salariale<\/a>\n<p><\/p>\n<p><\/p>","protected":false},"excerpt":{"rendered":"<p>Rela\u021bii de munc\u0103. Arhiv\u0103. Formulare, cereri, eliberare adeverin\u021be Program pentru depunerea cererilor \u2022 La sediul societ\u0103\u021bii \u00een zilele de MARTI \u0219i JOI, \u00eentre orele 8:00 \u2013 11:30 . (Modelul cererii se poate ob\u021bine de la sediul S. Uzina Mecanic\u0103 Plopeni S.A. de la registratur\u0103 sau poate fi desc\u0103rcat de pe site-ul societ\u0103\u021bii) Prin Oficiul Po\u0219tal, [&hellip;]<\/p>\n","protected":false},"author":1,"featured_media":0,"parent":0,"menu_order":0,"comment_status":"closed","ping_status":"closed","template":"","meta":{"ocean_post_layout":"","ocean_both_sidebars_style":"","ocean_both_sidebars_content_width":0,"ocean_both_sidebars_sidebars_width":0,"ocean_sidebar":"","ocean_second_sidebar":"","ocean_disable_margins":"enable","ocean_add_body_class":"","ocean_shortcode_before_top_bar":"","ocean_shortcode_after_top_bar":"","ocean_shortcode_before_header":"","ocean_shortcode_after_header":"","ocean_has_shortcode":"","ocean_shortcode_after_title":"","ocean_shortcode_before_footer_widgets":"","ocean_shortcode_after_footer_widgets":"","ocean_shortcode_before_footer_bottom":"","ocean_shortcode_after_footer_bottom":"","ocean_display_top_bar":"default","ocean_display_header":"default","ocean_header_style":"","ocean_center_header_left_menu":"","ocean_custom_header_template":"","ocean_custom_logo":0,"ocean_custom_retina_logo":0,"ocean_custom_logo_max_width":0,"ocean_custom_logo_tablet_max_width":0,"ocean_custom_logo_mobile_max_width":0,"ocean_custom_logo_max_height":0,"ocean_custom_logo_tablet_max_height":0,"ocean_custom_logo_mobile_max_height":0,"ocean_header_custom_menu":"","ocean_menu_typo_font_family":"","ocean_menu_typo_font_subset":"","ocean_menu_typo_font_size":0,"ocean_menu_typo_font_size_tablet":0,"ocean_menu_typo_font_size_mobile":0,"ocean_menu_typo_font_size_unit":"px","ocean_menu_typo_font_weight":"","ocean_menu_typo_font_weight_tablet":"","ocean_menu_typo_font_weight_mobile":"","ocean_menu_typo_transform":"","ocean_menu_typo_transform_tablet":"","ocean_menu_typo_transform_mobile":"","ocean_menu_typo_line_height":0,"ocean_menu_typo_line_height_tablet":0,"ocean_menu_typo_line_height_mobile":0,"ocean_menu_typo_line_height_unit":"","ocean_menu_typo_spacing":0,"ocean_menu_typo_spacing_tablet":0,"ocean_menu_typo_spacing_mobile":0,"ocean_menu_typo_spacing_unit":"","ocean_menu_link_color":"","ocean_menu_link_color_hover":"","ocean_menu_link_color_active":"","ocean_menu_link_background":"","ocean_menu_link_hover_background":"","ocean_menu_link_active_background":"","ocean_menu_social_links_bg":"","ocean_menu_social_hover_links_bg":"","ocean_menu_social_links_color":"","ocean_menu_social_hover_links_color":"","ocean_disable_title":"default","ocean_disable_heading":"default","ocean_post_title":"","ocean_post_subheading":"","ocean_post_title_style":"","ocean_post_title_background_color":"","ocean_post_title_background":0,"ocean_post_title_bg_image_position":"","ocean_post_title_bg_image_attachment":"","ocean_post_title_bg_image_repeat":"","ocean_post_title_bg_image_size":"","ocean_post_title_height":0,"ocean_post_title_bg_overlay":0.5,"ocean_post_title_bg_overlay_color":"","ocean_disable_breadcrumbs":"default","ocean_breadcrumbs_color":"","ocean_breadcrumbs_separator_color":"","ocean_breadcrumbs_links_color":"","ocean_breadcrumbs_links_hover_color":"","ocean_display_footer_widgets":"default","ocean_display_footer_bottom":"default","ocean_custom_footer_template":"","ofc_meta_disable_footer_callout":"","ofc_meta_callout_button_url":"","ofc_meta_callout_button_txt":"","ofc_meta_callout_text":"","osp_disable_panel":"default","osh_disable_topbar_sticky":"default","osh_disable_header_sticky":"default","osh_sticky_header_style":"default","osh_sticky_header_effect":"","osh_custom_sticky_logo":0,"osh_custom_retina_sticky_logo":0,"osh_custom_sticky_logo_height":0,"osh_background_color":"","osh_links_color":"","osh_links_hover_color":"","osh_links_active_color":"","osh_links_bg_color":"","osh_links_hover_bg_color":"","osh_links_active_bg_color":"","osh_menu_social_links_color":"","osh_menu_social_hover_links_color":"","footnotes":""},"class_list":["post-29715","page","type-page","status-publish","hentry","entry"],"_links":{"self":[{"href":"https:\/\/ump.ro\/index.php\/wp-json\/wp\/v2\/pages\/29715","targetHints":{"allow":["GET"]}}],"collection":[{"href":"https:\/\/ump.ro\/index.php\/wp-json\/wp\/v2\/pages"}],"about":[{"href":"https:\/\/ump.ro\/index.php\/wp-json\/wp\/v2\/types\/page"}],"author":[{"embeddable":true,"href":"https:\/\/ump.ro\/index.php\/wp-json\/wp\/v2\/users\/1"}],"replies":[{"embeddable":true,"href":"https:\/\/ump.ro\/index.php\/wp-json\/wp\/v2\/comments?post=29715"}],"version-history":[{"count":0,"href":"https:\/\/ump.ro\/index.php\/wp-json\/wp\/v2\/pages\/29715\/revisions"}],"wp:attachment":[{"href":"https:\/\/ump.ro\/index.php\/wp-json\/wp\/v2\/media?parent=29715"}],"curies":[{"name":"wp","href":"https:\/\/api.w.org\/{rel}","templated":true}]}}