{"id":30340,"date":"2025-04-22T06:36:23","date_gmt":"2025-04-22T06:36:23","guid":{"rendered":"https:\/\/ump.ro\/?page_id=30340"},"modified":"2026-04-22T10:05:47","modified_gmt":"2026-04-22T10:05:47","slug":"guvernanta-corporativa","status":"publish","type":"page","link":"https:\/\/ump.ro\/index.php\/guvernanta-corporativa\/","title":{"rendered":"Guvernan\u021b\u0103 corporativ\u0103"},"content":{"rendered":"\t\t<div data-elementor-type=\"wp-page\" data-elementor-id=\"30340\" class=\"elementor elementor-30340\">\n\t\t\t\t<div class=\"elementor-element elementor-element-ce405df e-flex e-con-boxed e-con e-parent\" data-id=\"ce405df\" data-element_type=\"container\" data-e-type=\"container\">\n\t\t\t\t\t<div class=\"e-con-inner\">\n\t\t\t\t<div class=\"elementor-element elementor-element-b1857a8 elementor-widget elementor-widget-heading\" data-id=\"b1857a8\" data-element_type=\"widget\" data-e-type=\"widget\" data-widget_type=\"heading.default\">\n\t\t\t\t<div class=\"elementor-widget-container\">\n\t\t\t\t\t<h2 class=\"elementor-heading-title elementor-size-default\">\ud83c\udfe2 Guvernan\u021b\u0103 Corporativ\u0103<\/h2>\t\t\t\t<\/div>\n\t\t\t\t<\/div>\n\t\t\t\t\t<\/div>\n\t\t\t\t<\/div>\n\t\t<div class=\"elementor-element elementor-element-80313ed e-flex e-con-boxed e-con e-parent\" data-id=\"80313ed\" data-element_type=\"container\" data-e-type=\"container\">\n\t\t\t\t\t<div class=\"e-con-inner\">\n\t\t\t\t<div class=\"elementor-element elementor-element-1edbe92 elementor-widget elementor-widget-text-editor\" data-id=\"1edbe92\" data-element_type=\"widget\" data-e-type=\"widget\" data-widget_type=\"text-editor.default\">\n\t\t\t\t<div class=\"elementor-widget-container\">\n\t\t\t\t\t\t\t\t\t<p class=\"\" data-start=\"246\" data-end=\"643\">Societatea Uzina Mecanic\u0103 Plopeni este angajat\u0103 \u00een promovarea celor mai \u00eenalte standarde de guvernan\u021b\u0103 corporativ\u0103, asigur\u00e2nd transparen\u021ba, responsabilitatea \u0219i echilibrul \u00een procesul decizional. Guvernan\u021ba corporativ\u0103 reprezint\u0103 ansamblul principiilor \u0219i practicilor care definesc structura \u0219i func\u021bionarea conducerii societ\u0103\u021bii, \u00een interesul ac\u021bionarilor, al angaja\u021bilor, al partenerilor \u0219i al comunit\u0103\u021bii.<\/p><p class=\"\" data-start=\"645\" data-end=\"719\">\ud83d\udccc <strong data-start=\"648\" data-end=\"719\">Principii de baz\u0103 ale guvernan\u021bei corporative \u00een cadrul societ\u0103\u021bii:<\/strong><\/p><ul data-start=\"720\" data-end=\"1003\"><li class=\"\" data-start=\"720\" data-end=\"778\"><p class=\"\" data-start=\"722\" data-end=\"778\">Respectarea legisla\u021biei \u0219i a reglement\u0103rilor aplicabile;<\/p><\/li><li class=\"\" data-start=\"779\" data-end=\"833\"><p class=\"\" data-start=\"781\" data-end=\"833\">Transparen\u021b\u0103 \u00een comunicarea informa\u021biilor relevante;<\/p><\/li><li class=\"\" data-start=\"834\" data-end=\"872\"><p class=\"\" data-start=\"836\" data-end=\"872\">Protejarea drepturilor ac\u021bionarilor;<\/p><\/li><li class=\"\" data-start=\"873\" data-end=\"926\"><p class=\"\" data-start=\"875\" data-end=\"926\">R\u0103spunderea managerial\u0103 fa\u021b\u0103 de deciziile adoptate;<\/p><\/li><li class=\"\" data-start=\"927\" data-end=\"1003\"><p class=\"\" data-start=\"929\" data-end=\"1003\">Promovarea eticii, integrit\u0103\u021bii \u0219i sustenabilit\u0103\u021bii \u00een toate activit\u0103\u021bile.<\/p><\/li><\/ul><p class=\"\" data-start=\"1005\" data-end=\"1052\">Structura de guvernan\u021b\u0103 a societ\u0103\u021bii include:<\/p><ul data-start=\"1053\" data-end=\"1353\"><li class=\"\" data-start=\"1053\" data-end=\"1128\"><p class=\"\" data-start=\"1055\" data-end=\"1128\"><strong data-start=\"1055\" data-end=\"1097\">Adunarea General\u0103 a Ac\u021bionarilor (AGA)<\/strong> \u2013 organul suprem de decizie;<\/p><\/li><li class=\"\" data-start=\"1129\" data-end=\"1233\"><p class=\"\" data-start=\"1131\" data-end=\"1233\"><strong data-start=\"1131\" data-end=\"1161\">Consiliul de Administra\u021bie<\/strong> \u2013 responsabil cu strategia \u0219i supravegherea activit\u0103\u021bilor societ\u0103\u021bii;<\/p><\/li><li class=\"\" data-start=\"1234\" data-end=\"1353\"><p class=\"\" data-start=\"1236\" data-end=\"1353\"><strong data-start=\"1236\" data-end=\"1277\">Directoratul \u0219i managementul executiv<\/strong> \u2013 asigur\u0103 gestionarea curent\u0103 a activit\u0103\u021bii \u00een mod eficient \u0219i responsabil.<\/p><\/li><\/ul><p class=\"\" data-start=\"1355\" data-end=\"1509\">\ud83c\udfaf Guvernan\u021ba corporativ\u0103 nu este doar o obliga\u021bie legal\u0103, ci \u0219i un angajament asumat pentru performan\u021b\u0103, dezvoltare durabil\u0103 \u0219i \u00eencredere pe termen lung.<\/p>\t\t\t\t\t\t\t\t<\/div>\n\t\t\t\t<\/div>\n\t\t\t\t\t<\/div>\n\t\t\t\t<\/div>\n\t\t<div class=\"elementor-element elementor-element-c828102 e-flex e-con-boxed e-con e-parent\" data-id=\"c828102\" data-element_type=\"container\" data-e-type=\"container\">\n\t\t\t\t\t<div class=\"e-con-inner\">\n\t\t\t\t<div class=\"elementor-element elementor-element-ef69fb2 elementor-widget elementor-widget-text-editor\" data-id=\"ef69fb2\" data-element_type=\"widget\" data-e-type=\"widget\" data-widget_type=\"text-editor.default\">\n\t\t\t\t<div class=\"elementor-widget-container\">\n\t\t\t\t\t\t\t\t\t<p class=\"\" data-start=\"285\" data-end=\"327\">\ud83d\udcc4 <strong data-start=\"288\" data-end=\"327\">Documente de Guvernan\u021b\u0103 Corporativ\u0103<\/strong><\/p><p class=\"\" data-start=\"329\" data-end=\"604\">Pentru a asigura o guvernan\u021b\u0103 eficient\u0103 \u0219i \u00een conformitate cu legisla\u021bia aplicabil\u0103, Uzina Mecanic\u0103 Plopeni pune la dispozi\u021bia publicului \u0219i a ac\u021bionarilor o serie de documente oficiale relevante, care stau la baza procesului decizional \u0219i a organiz\u0103rii interne a societ\u0103\u021bii:<\/p><p class=\"\" data-start=\"606\" data-end=\"651\">\ud83d\udcc2 <strong data-start=\"609\" data-end=\"651\">Documente disponibile spre consultare:<\/strong><\/p><ul data-start=\"652\" data-end=\"1031\"><li class=\"\" data-start=\"652\" data-end=\"680\"><p class=\"\" data-start=\"654\" data-end=\"680\">\ud83d\udcd8 <em data-start=\"657\" data-end=\"678\">Statutul societ\u0103\u021bii<\/em><\/p><\/li><li class=\"\" data-start=\"681\" data-end=\"737\"><p class=\"\" data-start=\"683\" data-end=\"737\">\ud83d\udcd8 <em data-start=\"686\" data-end=\"735\">Regulamentul de organizare \u0219i func\u021bionare (ROF)<\/em><\/p><\/li><li class=\"\" data-start=\"738\" data-end=\"778\"><p class=\"\" data-start=\"740\" data-end=\"778\">\ud83d\udcd8 <em data-start=\"743\" data-end=\"776\">Codul de guvernan\u021b\u0103 corporativ\u0103<\/em><\/p><\/li><li class=\"\" data-start=\"779\" data-end=\"829\"><p class=\"\" data-start=\"781\" data-end=\"829\">\ud83d\udcd8 <em data-start=\"784\" data-end=\"827\">Declara\u021bia privind guvernan\u021ba corporativ\u0103<\/em><\/p><\/li><li class=\"\" data-start=\"830\" data-end=\"872\"><p class=\"\" data-start=\"832\" data-end=\"872\">\ud83d\udcd8 <em data-start=\"835\" data-end=\"870\">Politica de conformitate \u0219i etic\u0103<\/em><\/p><\/li><li class=\"\" data-start=\"873\" data-end=\"933\"><p class=\"\" data-start=\"875\" data-end=\"933\">\ud83d\udcd8 <em data-start=\"878\" data-end=\"931\">Regulamentul intern privind conflictele de interese<\/em><\/p><\/li><li class=\"\" data-start=\"934\" data-end=\"981\"><p class=\"\" data-start=\"936\" data-end=\"981\">\ud83d\udcd8 <em data-start=\"939\" data-end=\"979\">Raport anual de guvernan\u021b\u0103 corporativ\u0103<\/em><\/p><\/li><li class=\"\" data-start=\"982\" data-end=\"1031\"><p class=\"\" data-start=\"984\" data-end=\"1031\">\ud83d\udcd8 <em data-start=\"987\" data-end=\"1031\">Hot\u0103r\u00e2rile AGA relevante pentru guvernan\u021b\u0103<\/em><\/p><\/li><\/ul><p class=\"\" data-start=\"1033\" data-end=\"1202\">\ud83d\udcdd Documentele pot fi consultate \u00een format electronic (acolo unde sunt disponibile) sau fizic, la sediul societ\u0103\u021bii, conform procedurilor interne \u0219i prevederilor legale.<\/p>\t\t\t\t\t\t\t\t<\/div>\n\t\t\t\t<\/div>\n\t\t\t\t\t<\/div>\n\t\t\t\t<\/div>\n\t\t<div class=\"elementor-element elementor-element-9397c5a e-flex e-con-boxed e-con e-parent\" data-id=\"9397c5a\" data-element_type=\"container\" data-e-type=\"container\">\n\t\t\t\t\t<div class=\"e-con-inner\">\n\t\t<div class=\"elementor-element elementor-element-b27ed7b e-con-full e-flex e-con e-child\" data-id=\"b27ed7b\" data-element_type=\"container\" data-e-type=\"container\">\n\t\t\t\t<div class=\"elementor-element elementor-element-35120d0 elementor-widget elementor-widget-image\" data-id=\"35120d0\" data-element_type=\"widget\" data-e-type=\"widget\" data-widget_type=\"image.default\">\n\t\t\t\t<div class=\"elementor-widget-container\">\n\t\t\t\t\t\t\t\t\t\t\t\t\t\t\t<img fetchpriority=\"high\" decoding=\"async\" width=\"640\" height=\"480\" src=\"https:\/\/ump.ro\/wp-content\/uploads\/2025\/04\/big_111-47.webp\" class=\"attachment-large size-large wp-image-30346\" alt=\"\" srcset=\"https:\/\/ump.ro\/wp-content\/uploads\/2025\/04\/big_111-47.webp 640w, https:\/\/ump.ro\/wp-content\/uploads\/2025\/04\/big_111-47-300x225.webp 300w\" sizes=\"(max-width: 640px) 100vw, 640px\" \/>\t\t\t\t\t\t\t\t\t\t\t\t\t\t\t<\/div>\n\t\t\t\t<\/div>\n\t\t\t\t<\/div>\n\t\t<div class=\"elementor-element elementor-element-f6317fa e-con-full e-flex e-con e-child\" data-id=\"f6317fa\" data-element_type=\"container\" data-e-type=\"container\">\n\t\t\t\t<div class=\"elementor-element elementor-element-9e04bfb elementor-widget elementor-widget-text-editor\" data-id=\"9e04bfb\" data-element_type=\"widget\" data-e-type=\"widget\" data-widget_type=\"text-editor.default\">\n\t\t\t\t<div class=\"elementor-widget-container\">\n\t\t\t\t\t\t\t\t\t<ul><li><a href=\"https:\/\/www.ump.ro\/wp-content\/uploads\/2026\/04\/Anunt_consultare.pdf\"><em>22.04.2026 \u2013 Anun\u021b Consultare Proiect Component\u0103 Ini\u021bial\u0103 \u2013 Societatea Uzina Mecanic\u0103 Plopeni S.A<\/em><\/a><\/li><li><a href=\"https:\/\/www.ump.ro\/wp-content\/uploads\/2026\/04\/Proiect_Componenta.pdf\"><em>22.04.2026 \u2013 Proiect Component\u0103 Ini\u021bial\u0103 \u2013 Societatea Uzina Mecanic\u0103 Plopeni S.A<\/em><\/a><\/li><li><a href=\"https:\/\/www.ump.ro\/wp-content\/uploads\/2026\/04\/Proiect_Scrisoare.pdf\"><em>22.04.2026 \u2013 Proiect Scrisoare de A\u0219tept\u0103ri \u2013 Societatea Uzina Mecanic\u0103 Plopeni S.A <\/em><\/a><\/li><\/ul>\t\t\t\t\t\t\t\t<\/div>\n\t\t\t\t<\/div>\n\t\t\t\t<\/div>\n\t\t\t\t\t<\/div>\n\t\t\t\t<\/div>\n\t\t\t\t<\/div>\n\t\t","protected":false},"excerpt":{"rendered":"<p>\ud83c\udfe2 Guvernan\u021b\u0103 Corporativ\u0103 Societatea Uzina Mecanic\u0103 Plopeni este angajat\u0103 \u00een promovarea celor mai \u00eenalte standarde de guvernan\u021b\u0103 corporativ\u0103, asigur\u00e2nd transparen\u021ba, responsabilitatea \u0219i echilibrul \u00een procesul decizional. Guvernan\u021ba corporativ\u0103 reprezint\u0103 ansamblul principiilor \u0219i practicilor care definesc structura \u0219i func\u021bionarea conducerii societ\u0103\u021bii, \u00een interesul ac\u021bionarilor, al angaja\u021bilor, al partenerilor \u0219i al comunit\u0103\u021bii. \ud83d\udccc Principii de baz\u0103 ale [&hellip;]<\/p>\n","protected":false},"author":1,"featured_media":0,"parent":0,"menu_order":0,"comment_status":"closed","ping_status":"closed","template":"","meta":{"ocean_post_layout":"","ocean_both_sidebars_style":"","ocean_both_sidebars_content_width":0,"ocean_both_sidebars_sidebars_width":0,"ocean_sidebar":"","ocean_second_sidebar":"","ocean_disable_margins":"enable","ocean_add_body_class":"","ocean_shortcode_before_top_bar":"","ocean_shortcode_after_top_bar":"","ocean_shortcode_before_header":"","ocean_shortcode_after_header":"","ocean_has_shortcode":"","ocean_shortcode_after_title":"","ocean_shortcode_before_footer_widgets":"","ocean_shortcode_after_footer_widgets":"","ocean_shortcode_before_footer_bottom":"","ocean_shortcode_after_footer_bottom":"","ocean_display_top_bar":"default","ocean_display_header":"default","ocean_header_style":"","ocean_center_header_left_menu":"","ocean_custom_header_template":"","ocean_custom_logo":0,"ocean_custom_retina_logo":0,"ocean_custom_logo_max_width":0,"ocean_custom_logo_tablet_max_width":0,"ocean_custom_logo_mobile_max_width":0,"ocean_custom_logo_max_height":0,"ocean_custom_logo_tablet_max_height":0,"ocean_custom_logo_mobile_max_height":0,"ocean_header_custom_menu":"","ocean_menu_typo_font_family":"","ocean_menu_typo_font_subset":"","ocean_menu_typo_font_size":0,"ocean_menu_typo_font_size_tablet":0,"ocean_menu_typo_font_size_mobile":0,"ocean_menu_typo_font_size_unit":"px","ocean_menu_typo_font_weight":"","ocean_menu_typo_font_weight_tablet":"","ocean_menu_typo_font_weight_mobile":"","ocean_menu_typo_transform":"","ocean_menu_typo_transform_tablet":"","ocean_menu_typo_transform_mobile":"","ocean_menu_typo_line_height":0,"ocean_menu_typo_line_height_tablet":0,"ocean_menu_typo_line_height_mobile":0,"ocean_menu_typo_line_height_unit":"","ocean_menu_typo_spacing":0,"ocean_menu_typo_spacing_tablet":0,"ocean_menu_typo_spacing_mobile":0,"ocean_menu_typo_spacing_unit":"","ocean_menu_link_color":"","ocean_menu_link_color_hover":"","ocean_menu_link_color_active":"","ocean_menu_link_background":"","ocean_menu_link_hover_background":"","ocean_menu_link_active_background":"","ocean_menu_social_links_bg":"","ocean_menu_social_hover_links_bg":"","ocean_menu_social_links_color":"","ocean_menu_social_hover_links_color":"","ocean_disable_title":"default","ocean_disable_heading":"default","ocean_post_title":"","ocean_post_subheading":"","ocean_post_title_style":"","ocean_post_title_background_color":"","ocean_post_title_background":0,"ocean_post_title_bg_image_position":"","ocean_post_title_bg_image_attachment":"","ocean_post_title_bg_image_repeat":"","ocean_post_title_bg_image_size":"","ocean_post_title_height":0,"ocean_post_title_bg_overlay":0.5,"ocean_post_title_bg_overlay_color":"","ocean_disable_breadcrumbs":"default","ocean_breadcrumbs_color":"","ocean_breadcrumbs_separator_color":"","ocean_breadcrumbs_links_color":"","ocean_breadcrumbs_links_hover_color":"","ocean_display_footer_widgets":"default","ocean_display_footer_bottom":"default","ocean_custom_footer_template":"","ofc_meta_disable_footer_callout":"","ofc_meta_callout_button_url":"","ofc_meta_callout_button_txt":"","ofc_meta_callout_text":"","osp_disable_panel":"default","osh_disable_topbar_sticky":"default","osh_disable_header_sticky":"default","osh_sticky_header_style":"default","osh_sticky_header_effect":"","osh_custom_sticky_logo":0,"osh_custom_retina_sticky_logo":0,"osh_custom_sticky_logo_height":0,"osh_background_color":"","osh_links_color":"","osh_links_hover_color":"","osh_links_active_color":"","osh_links_bg_color":"","osh_links_hover_bg_color":"","osh_links_active_bg_color":"","osh_menu_social_links_color":"","osh_menu_social_hover_links_color":"","footnotes":""},"class_list":["post-30340","page","type-page","status-publish","hentry","entry"],"_links":{"self":[{"href":"https:\/\/ump.ro\/index.php\/wp-json\/wp\/v2\/pages\/30340","targetHints":{"allow":["GET"]}}],"collection":[{"href":"https:\/\/ump.ro\/index.php\/wp-json\/wp\/v2\/pages"}],"about":[{"href":"https:\/\/ump.ro\/index.php\/wp-json\/wp\/v2\/types\/page"}],"author":[{"embeddable":true,"href":"https:\/\/ump.ro\/index.php\/wp-json\/wp\/v2\/users\/1"}],"replies":[{"embeddable":true,"href":"https:\/\/ump.ro\/index.php\/wp-json\/wp\/v2\/comments?post=30340"}],"version-history":[{"count":19,"href":"https:\/\/ump.ro\/index.php\/wp-json\/wp\/v2\/pages\/30340\/revisions"}],"predecessor-version":[{"id":30856,"href":"https:\/\/ump.ro\/index.php\/wp-json\/wp\/v2\/pages\/30340\/revisions\/30856"}],"wp:attachment":[{"href":"https:\/\/ump.ro\/index.php\/wp-json\/wp\/v2\/media?parent=30340"}],"curies":[{"name":"wp","href":"https:\/\/api.w.org\/{rel}","templated":true}]}}