{"id":30384,"date":"2025-04-22T07:40:09","date_gmt":"2025-04-22T07:40:09","guid":{"rendered":"https:\/\/ump.ro\/?page_id=30384"},"modified":"2025-04-25T04:20:15","modified_gmt":"2025-04-25T04:20:15","slug":"legislatie","status":"publish","type":"page","link":"https:\/\/ump.ro\/index.php\/legislatie\/","title":{"rendered":"Legislatie"},"content":{"rendered":"\t\t<div data-elementor-type=\"wp-page\" data-elementor-id=\"30384\" class=\"elementor elementor-30384\">\n\t\t\t\t<div class=\"elementor-element elementor-element-ebaae92 e-flex e-con-boxed e-con e-parent\" data-id=\"ebaae92\" data-element_type=\"container\" data-e-type=\"container\">\n\t\t\t\t\t<div class=\"e-con-inner\">\n\t\t\t\t<div class=\"elementor-element elementor-element-ae28bf0 elementor-widget elementor-widget-text-editor\" data-id=\"ae28bf0\" data-element_type=\"widget\" data-e-type=\"widget\" data-widget_type=\"text-editor.default\">\n\t\t\t\t<div class=\"elementor-widget-container\">\n\t\t\t\t\t\t\t\t\t<p class=\"\" data-start=\"198\" data-end=\"267\">\u2696\ufe0f <strong data-start=\"201\" data-end=\"267\">Legisla\u021bie aplicabil\u0103 activit\u0103\u021bii Uzinei Mecanice Plopeni S.A.<\/strong><\/p><p class=\"\" data-start=\"269\" data-end=\"505\">Societatea Uzina Mecanic\u0103 Plopeni S.A. \u00ee\u0219i desf\u0103\u0219oar\u0103 activitatea \u00een conformitate cu prevederile legale \u00een vigoare din domeniul industriei de ap\u0103rare, economic, comercial \u0219i administrativ, respect\u00e2nd cadrul normativ na\u021bional \u0219i european aplicabil.<\/p><p class=\"\" data-start=\"507\" data-end=\"754\">Pentru a asigura transparen\u021ba \u0219i informarea corect\u0103 a p\u0103r\u021bilor interesate, societatea pune la dispozi\u021bie, \u00een format electronic, o <strong data-start=\"637\" data-end=\"689\">list\u0103 actualizat\u0103 a principalelor acte normative<\/strong> relevante pentru func\u021bionarea \u0219i reglementarea activit\u0103\u021bii sale.<\/p><p class=\"\" data-start=\"756\" data-end=\"819\">\ud83d\udcc4 <strong data-start=\"759\" data-end=\"819\">Lista actelor normative include, dar nu se limiteaz\u0103 la:<\/strong><\/p><ul data-start=\"820\" data-end=\"1149\"><li class=\"\" data-start=\"820\" data-end=\"925\"><p class=\"\" data-start=\"822\" data-end=\"925\">Legi, ordonan\u021be \u0219i hot\u0103r\u00e2ri ale Guvernului privind organizarea \u0219i func\u021bionarea societ\u0103\u021bilor comerciale;<\/p><\/li><li class=\"\" data-start=\"926\" data-end=\"976\"><p class=\"\" data-start=\"928\" data-end=\"976\">Reglement\u0103ri din domeniul industriei de ap\u0103rare;<\/p><\/li><li class=\"\" data-start=\"977\" data-end=\"1044\"><p class=\"\" data-start=\"979\" data-end=\"1044\">Norme privind achizi\u021biile publice \u0219i transparen\u021ba institu\u021bional\u0103;<\/p><\/li><li class=\"\" data-start=\"1045\" data-end=\"1094\"><p class=\"\" data-start=\"1047\" data-end=\"1094\">Acte privind securitatea \u0219i s\u0103n\u0103tatea \u00een munc\u0103;<\/p><\/li><li class=\"\" data-start=\"1095\" data-end=\"1149\"><p class=\"\" data-start=\"1097\" data-end=\"1149\">Legisla\u021bie specific\u0103 mediului \u0219i protec\u021biei datelor.<\/p><\/li><\/ul><p>Aceast\u0103 sec\u021biune este actualizat\u0103 periodic, \u00een func\u021bie de modific\u0103rile legislative \u0219i de noile reglement\u0103ri aplicabile.<\/p><p class=\"\" data-start=\"1151\" data-end=\"1230\">\ud83d\udcc2 <strong data-start=\"1154\" data-end=\"1174\">Consulta\u021bi aici:<\/strong><\/p>\t\t\t\t\t\t\t\t<\/div>\n\t\t\t\t<\/div>\n\t\t\t\t\t<\/div>\n\t\t\t\t<\/div>\n\t\t<div class=\"elementor-element elementor-element-019f7cb e-flex e-con-boxed e-con e-parent\" data-id=\"019f7cb\" data-element_type=\"container\" data-e-type=\"container\">\n\t\t\t\t\t<div class=\"e-con-inner\">\n\t\t\t\t<div class=\"elementor-element elementor-element-6835f06 elementor-widget elementor-widget-text-editor\" data-id=\"6835f06\" data-element_type=\"widget\" data-e-type=\"widget\" data-widget_type=\"text-editor.default\">\n\t\t\t\t<div class=\"elementor-widget-container\">\n\t\t\t\t\t\t\t\t\t<ul><li><a href=\"http:\/\/legislatie.just.ro\/Public\/DetaliiDocument\/184267\"><strong>Legea nr.\u00a0 232 din 22 noiembrie 2016<\/strong><\/a>\u00a0\u2013 legisla\u021bie privind industria na\u021bional\u0103 de ap\u0103rare, precum \u0219i pentru modificarea \u0219i completarea unor acte normative<\/li><\/ul><ul><li><strong>HOT\u0102R\u00c2RE nr. 174 din 30 martie 2017<\/strong> pentru aprobarea Normelor metodologice privind modul de calcul al drepturilor salariale pentru salaria\u0163ii \u00eencadra\u0163i cu contract individual de munc\u0103 pe durat\u0103 nedeterminat\u0103 la operatorii economici cu capital majoritar sau integral de stat din industria na\u0163ional\u0103 de ap\u0103rare care nu desf\u0103\u015foar\u0103 activit\u0103\u0163i de baz\u0103 din lips\u0103 de comenzi sau contracte, precum \u015fi pentru stabilirea activit\u0103\u0163ilor prev\u0103zute la\u00a0<a href=\"http:\/\/legislatie.just.ro\/Public\/DetaliiDocument\/184267#A301\">art. 24 din Legea nr. 232\/2016<\/a> privind industria na\u0163ional\u0103 de ap\u0103rare, precum \u015fi pentru modificarea \u015fi completarea unor acte normative &#8211; <a href=\"http:\/\/legislatie.just.ro\/Public\/DetaliiDocument\/187871\">http:\/\/legislatie.just.ro\/Public\/DetaliiDocument\/187871<\/a><\/li><\/ul><ul><li><a href=\"http:\/\/legislatie.just.ro\/Public\/DetaliiDocument\/192885\"><strong>Hot\u0103r\u00e2rea Guvernului nr. 611 din 23 august 2017<\/strong><\/a>\u00a0pentru aprobarea Normelor metodologice de aplicare a Legii nr. 232\/2016 privind industria na\u021bional\u0103 de ap\u0103rare, precum \u0219i pentru modificarea \u0219i completarea unor acte normative, publicat\u0103 \u00een Monitorul Oficial, Partea I nr. 720 din 06 septembrie 2017;<\/li><\/ul><ul><li><strong>LEGE nr. 477 din 12 noiembrie 2003<\/strong> (*republicat\u0103*) privind preg\u0103tirea economiei na\u021bionale \u0219i a teritoriului pentru ap\u0103rare &#8211; <a href=\"http:\/\/legislatie.just.ro\/Public\/DetaliiDocument\/47873\">http:\/\/legislatie.just.ro\/Public\/DetaliiDocument\/47873<\/a><\/li><\/ul><ul><li><strong>HOT\u0102R\u00c2RE nr. 370 din 18 martie 2004<\/strong> &#8211; pentru aprobarea Normelor metodologice de aplicare a\u00a0<a href=\"http:\/\/legislatie.just.ro\/Public\/DetaliiDocument\/47873\">Legii nr. 477\/2003<\/a> privind preg\u0103tirea economiei na\u0163ionale \u015fi a teritoriului pentru ap\u0103rare &#8211; <a href=\"http:\/\/legislatie.just.ro\/Public\/DetaliiDocument\/50909\">http:\/\/legislatie.just.ro\/Public\/DetaliiDocument\/50909<\/a><\/li><\/ul><ul><li><strong>Legea nr. 31 din 16 noiembrie 1990<\/strong>, republicat\u0103, privind societ\u0103\u0163ile &#8211; <a href=\"http:\/\/legislatie.just.ro\/Public\/DetaliiDocument\/56732\">http:\/\/legislatie.just.ro\/Public\/DetaliiDocument\/56732<\/a><\/li><\/ul><ul><li><a href=\"http:\/\/legislatie.just.ro\/Public\/DetaliiDocument\/133685\"><strong>Ordonan\u021ba de Urgen\u021b\u0103 a Guvernului nr. 109\/2011<\/strong>\u00a0<\/a>privind guvernan\u021ba corporativ\u0103\u00a0 a \u00eentreprinderilor publice \u2013 publicat\u0103 \u00een Monitorul Oficial, Partea I nr. 883 din 14 decembrie 2011;<\/li><\/ul><ul><li><a href=\"http:\/\/legislatie.just.ro\/Public\/DetaliiDocument\/132994\"><strong>Legea nr. 295 din 28 iunie 2004<\/strong>\u00a0<\/a>privind regimul armelor \u0219i al muni\u021biilor \u2013 republicat\u0103 \u00een Monitorul Oficial, Partea I nr. 425 din 10 iunie 2014;<\/li><\/ul><ul><li><a href=\"http:\/\/legislatie.just.ro\/Public\/DetaliiDocumentAfis\/197186\"><strong>Hot\u0103r\u00e2rea Guvernului nr.11\/2018<\/strong>\u00a0<\/a>pentru aprobarea Normelor metodologice de aplicare a Legii nr.295\/2004 privind regimul armelor \u0219i al muni\u021biilor \u2013 publicat\u0103 \u00een Monitorul Oficial, Partea I nr. 83 din 29 ianuarie 2018;<\/li><\/ul><ul><li><a href=\"http:\/\/legislatie.just.ro\/Public\/DetaliiDocument\/64756\"><strong>Ordonan\u021ba de\u00a0Urgen\u021b\u0103 a\u00a0<\/strong>Guvernului nr. 88\/1997<\/a>\u00a0privind privatizarea societ\u0103\u021bilor comerciale \u2013 publicat\u0103 \u00een Monitorul Oficial, Partea I nr. 381 din 29 decembrie 1997;<\/li><\/ul><ul><li><a href=\"http:\/\/legislatie.just.ro\/Public\/DetaliiDocument\/67634\"><strong>Ordonan\u021ba de Urgen\u021b\u0103 a Guvernului nr. 195\/2005<\/strong><\/a>\u00a0privind protec\u021bia mediului \u2013 publicat\u0103 \u00een Monitorul Oficial, Partea I nr. 1196 din 30 decembrie 2005;<\/li><\/ul><ul><li><a href=\"http:\/\/legislatie.just.ro\/Public\/DetaliiDocument\/35209\"><strong>Legea nr. 182\/2002<\/strong><\/a>\u00a0privind protec\u021bia informa\u021biilor clasificate \u2013 publicat\u0103 \u00een Monitorul Oficial, Partea I nr. 248 din 12 aprilie 2002;<\/li><\/ul><ul><li><a href=\"http:\/\/legislatie.just.ro\/Public\/DetaliiDocument\/37319\"><strong>Hot\u0103r\u00e2rea Guvernului nr. 585\/2002<\/strong><\/a>\u00a0pentru aprobarea Standardelor na\u021bionale de protec\u021bie a informa\u021biilor clasificate \u00een Rom\u00e2nia \u2013 publicat\u0103 \u00een Monitorul Oficial, Partea I nr. 485 din 05 iulie 2002;<\/li><\/ul><ul><li><a href=\"http:\/\/legislatie.just.ro\/Public\/DetaliiDocumentAfis\/37826\"><strong>Hot\u0103r\u00e2rea Guvernului nr. 781\/2002<\/strong><\/a>\u00a0privind protec\u021bia informa\u021biilor secrete de serviciu \u2013 publicat\u0103 \u00een Monitorul Oficial, Partea I nr. 575 din 05 august 2002;<\/li><\/ul><ul><li><a href=\"http:\/\/legislatie.just.ro\/Public\/DetaliiDocument\/31413\"><strong>Legea nr. 544\/2001<\/strong><\/a>\u00a0privind liberul acces la informa\u021biile de interes public \u2013 publicat\u0103 \u00een Monitorul Oficial, Partea I nr. 663 din 23 octombrie 2001.<\/li><\/ul><p><strong>NORMA ACHIZITII PUBLICE<\/strong> &#8211; <a href=\"http:\/\/romarm.ro\/qrtfiles\/uploads\/2015\/11\/Norma-procedurala-interna.pdf\">Norma procedurala interna<\/a><\/p>\t\t\t\t\t\t\t\t<\/div>\n\t\t\t\t<\/div>\n\t\t\t\t\t<\/div>\n\t\t\t\t<\/div>\n\t\t\t\t<\/div>\n\t\t","protected":false},"excerpt":{"rendered":"<p>\u2696\ufe0f Legisla\u021bie aplicabil\u0103 activit\u0103\u021bii Uzinei Mecanice Plopeni S.A. Societatea Uzina Mecanic\u0103 Plopeni S.A. \u00ee\u0219i desf\u0103\u0219oar\u0103 activitatea \u00een conformitate cu prevederile legale \u00een vigoare din domeniul industriei de ap\u0103rare, economic, comercial \u0219i administrativ, respect\u00e2nd cadrul normativ na\u021bional \u0219i european aplicabil. Pentru a asigura transparen\u021ba \u0219i informarea corect\u0103 a p\u0103r\u021bilor interesate, societatea pune la dispozi\u021bie, \u00een format [&hellip;]<\/p>\n","protected":false},"author":1,"featured_media":0,"parent":0,"menu_order":0,"comment_status":"closed","ping_status":"closed","template":"","meta":{"ocean_post_layout":"","ocean_both_sidebars_style":"","ocean_both_sidebars_content_width":0,"ocean_both_sidebars_sidebars_width":0,"ocean_sidebar":"","ocean_second_sidebar":"","ocean_disable_margins":"enable","ocean_add_body_class":"","ocean_shortcode_before_top_bar":"","ocean_shortcode_after_top_bar":"","ocean_shortcode_before_header":"","ocean_shortcode_after_header":"","ocean_has_shortcode":"","ocean_shortcode_after_title":"","ocean_shortcode_before_footer_widgets":"","ocean_shortcode_after_footer_widgets":"","ocean_shortcode_before_footer_bottom":"","ocean_shortcode_after_footer_bottom":"","ocean_display_top_bar":"default","ocean_display_header":"default","ocean_header_style":"","ocean_center_header_left_menu":"","ocean_custom_header_template":"","ocean_custom_logo":0,"ocean_custom_retina_logo":0,"ocean_custom_logo_max_width":0,"ocean_custom_logo_tablet_max_width":0,"ocean_custom_logo_mobile_max_width":0,"ocean_custom_logo_max_height":0,"ocean_custom_logo_tablet_max_height":0,"ocean_custom_logo_mobile_max_height":0,"ocean_header_custom_menu":"","ocean_menu_typo_font_family":"","ocean_menu_typo_font_subset":"","ocean_menu_typo_font_size":0,"ocean_menu_typo_font_size_tablet":0,"ocean_menu_typo_font_size_mobile":0,"ocean_menu_typo_font_size_unit":"px","ocean_menu_typo_font_weight":"","ocean_menu_typo_font_weight_tablet":"","ocean_menu_typo_font_weight_mobile":"","ocean_menu_typo_transform":"","ocean_menu_typo_transform_tablet":"","ocean_menu_typo_transform_mobile":"","ocean_menu_typo_line_height":0,"ocean_menu_typo_line_height_tablet":0,"ocean_menu_typo_line_height_mobile":0,"ocean_menu_typo_line_height_unit":"","ocean_menu_typo_spacing":0,"ocean_menu_typo_spacing_tablet":0,"ocean_menu_typo_spacing_mobile":0,"ocean_menu_typo_spacing_unit":"","ocean_menu_link_color":"","ocean_menu_link_color_hover":"","ocean_menu_link_color_active":"","ocean_menu_link_background":"","ocean_menu_link_hover_background":"","ocean_menu_link_active_background":"","ocean_menu_social_links_bg":"","ocean_menu_social_hover_links_bg":"","ocean_menu_social_links_color":"","ocean_menu_social_hover_links_color":"","ocean_disable_title":"default","ocean_disable_heading":"default","ocean_post_title":"","ocean_post_subheading":"","ocean_post_title_style":"","ocean_post_title_background_color":"","ocean_post_title_background":0,"ocean_post_title_bg_image_position":"","ocean_post_title_bg_image_attachment":"","ocean_post_title_bg_image_repeat":"","ocean_post_title_bg_image_size":"","ocean_post_title_height":0,"ocean_post_title_bg_overlay":0.5,"ocean_post_title_bg_overlay_color":"","ocean_disable_breadcrumbs":"default","ocean_breadcrumbs_color":"","ocean_breadcrumbs_separator_color":"","ocean_breadcrumbs_links_color":"","ocean_breadcrumbs_links_hover_color":"","ocean_display_footer_widgets":"default","ocean_display_footer_bottom":"default","ocean_custom_footer_template":"","ofc_meta_disable_footer_callout":"","ofc_meta_callout_button_url":"","ofc_meta_callout_button_txt":"","ofc_meta_callout_text":"","osp_disable_panel":"default","osh_disable_topbar_sticky":"default","osh_disable_header_sticky":"default","osh_sticky_header_style":"default","osh_sticky_header_effect":"","osh_custom_sticky_logo":0,"osh_custom_retina_sticky_logo":0,"osh_custom_sticky_logo_height":0,"osh_background_color":"","osh_links_color":"","osh_links_hover_color":"","osh_links_active_color":"","osh_links_bg_color":"","osh_links_hover_bg_color":"","osh_links_active_bg_color":"","osh_menu_social_links_color":"","osh_menu_social_hover_links_color":"","footnotes":""},"class_list":["post-30384","page","type-page","status-publish","hentry","entry"],"_links":{"self":[{"href":"https:\/\/ump.ro\/index.php\/wp-json\/wp\/v2\/pages\/30384","targetHints":{"allow":["GET"]}}],"collection":[{"href":"https:\/\/ump.ro\/index.php\/wp-json\/wp\/v2\/pages"}],"about":[{"href":"https:\/\/ump.ro\/index.php\/wp-json\/wp\/v2\/types\/page"}],"author":[{"embeddable":true,"href":"https:\/\/ump.ro\/index.php\/wp-json\/wp\/v2\/users\/1"}],"replies":[{"embeddable":true,"href":"https:\/\/ump.ro\/index.php\/wp-json\/wp\/v2\/comments?post=30384"}],"version-history":[{"count":19,"href":"https:\/\/ump.ro\/index.php\/wp-json\/wp\/v2\/pages\/30384\/revisions"}],"predecessor-version":[{"id":30498,"href":"https:\/\/ump.ro\/index.php\/wp-json\/wp\/v2\/pages\/30384\/revisions\/30498"}],"wp:attachment":[{"href":"https:\/\/ump.ro\/index.php\/wp-json\/wp\/v2\/media?parent=30384"}],"curies":[{"name":"wp","href":"https:\/\/api.w.org\/{rel}","templated":true}]}}